{"id":37684,"date":"2024-08-26T13:54:16","date_gmt":"2024-09-09T14:37:39","guid":{"rendered":"https:\/\/staging.nbg.eu\/product\/vanward-ultra-light\/"},"modified":"2025-05-01T17:52:25","modified_gmt":"2025-05-01T17:52:25","slug":"vanward-ultra-lagan","status":"publish","type":"product","link":"https:\/\/staging.nbg.eu\/hr\/proizvod\/vanward-ultra-lagan\/","title":{"rendered":"Vanward Ultra Lagan"},"content":{"rendered":"<h2>Vanward Ultra Lagani Prigu\u0161iva\u010d<\/h2>\n<p>Do\u017eivite neusporedivu lako\u0107u i performanse s Vanward Ultra Light prigu\u0161iva\u010dem. S te\u017einom od samo 137 grama*, najlak\u0161i je u svojoj klasi bez kompromisa u funkcionalnosti.<\/p>\n<h2>Klju\u010dne zna\u010dajke:<\/h2>\n<ul>\n<li>Optimizirani razmak pregrada za superiorno izjedna\u010davanje tlaka<\/li>\n<li>Heksagonalni vanjski dizajn za pobolj\u0161anu \u010dvrsto\u0107u i hla\u0111enje<\/li>\n<li>3D tiskan u jednom komadu titanija razreda 5<\/li>\n<li>Izuzetno izdr\u017eljiv i otporan na koroziju<\/li>\n<li>Dostupan u kalibrima .223, .264 i .30<\/li>\n<li>Vrste navoja: M18x1, M15x1, M14x1, 1\/2*28<\/li>\n<\/ul>\n<h2>Specifikacije:<\/h2>\n<ul>\n<li>Promjer: 42mm<\/li>\n<li>Duljina: 130mm<\/li>\n<li>Te\u017eina: 137 grama* (M18 model)<\/li>\n<\/ul>\n<p>Unaprijedite svoje iskustvo pucanja s Vanward Ultra Light &#8211; gdje se inovacija susre\u0107e s performansama.<\/p>\n","protected":false},"excerpt":{"rendered":"<p>Ultralagani titanski prigu\u0161iva\u010d, 137g. 3D printan, izdr\u017eljiv, u\u010dinkovito hla\u0111enje.<\/p>\n","protected":false},"featured_media":32424,"template":"","meta":{"_acf_changed":false},"product_brand":[11928],"product_cat":[13504,13522,13569],"product_tag":[],"class_list":{"0":"post-37684","1":"product","2":"type-product","3":"status-publish","4":"has-post-thumbnail","6":"product_brand-vanward","7":"product_cat-prigusivaci","8":"product_cat-prigusivaci-za-pusku","9":"product_cat-puska","11":"first","12":"instock","13":"taxable","14":"shipping-taxable","15":"purchasable","16":"product-type-variable","17":"wvs-archive-product-wrapper"},"acf":[],"_links":{"self":[{"href":"https:\/\/staging.nbg.eu\/hr\/wp-json\/wp\/v2\/product\/37684","targetHints":{"allow":["GET"]}}],"collection":[{"href":"https:\/\/staging.nbg.eu\/hr\/wp-json\/wp\/v2\/product"}],"about":[{"href":"https:\/\/staging.nbg.eu\/hr\/wp-json\/wp\/v2\/types\/product"}],"wp:featuredmedia":[{"embeddable":true,"href":"https:\/\/staging.nbg.eu\/hr\/wp-json\/wp\/v2\/media\/32424"}],"wp:attachment":[{"href":"https:\/\/staging.nbg.eu\/hr\/wp-json\/wp\/v2\/media?parent=37684"}],"wp:term":[{"taxonomy":"product_brand","embeddable":true,"href":"https:\/\/staging.nbg.eu\/hr\/wp-json\/wp\/v2\/product_brand?post=37684"},{"taxonomy":"product_cat","embeddable":true,"href":"https:\/\/staging.nbg.eu\/hr\/wp-json\/wp\/v2\/product_cat?post=37684"},{"taxonomy":"product_tag","embeddable":true,"href":"https:\/\/staging.nbg.eu\/hr\/wp-json\/wp\/v2\/product_tag?post=37684"}],"curies":[{"name":"wp","href":"https:\/\/api.w.org\/{rel}","templated":true}]}}