{"id":37602,"date":"2024-09-02T10:54:46","date_gmt":"2024-09-02T10:54:46","guid":{"rendered":"https:\/\/staging.nbg.eu\/product\/bcm-quick-detach-sling-swivel-heavy-duty-design\/"},"modified":"2024-09-09T14:28:35","modified_gmt":"2024-09-09T14:28:35","slug":"bcm-brzo-odvajajuci-okretni-sling-ojacani-dizajn","status":"publish","type":"product","link":"https:\/\/staging.nbg.eu\/hr\/proizvod\/bcm-brzo-odvajajuci-okretni-sling-ojacani-dizajn\/","title":{"rendered":"BCM\u00ae Brzo Odvajaju\u0107i Okretni Sling (Oja\u010dani Dizajn)"},"content":{"rendered":"<div class=\"product-description\">\n<h2>BCM\u00ae Brzo odvojivi nosa\u010d remena (Robusni dizajn)<\/h2>\n<p>Pobolj\u0161ajte funkcionalnost va\u0161eg vatrenog oru\u017eja s BCM\u00ae brzo odvojivim nosa\u010dem remena, konstruiranim za izdr\u017eljivost i pouzdanost.<\/p>\n<ul>\n<li>Dizajn s ravnim potiskiva\u010dem sprje\u010dava slu\u010dajno otpu\u0161tanje, osiguravaju\u0107i da va\u0161 remen ostane sigurno pri\u010dvr\u0161\u0107en<\/li>\n<li>Precizno izra\u0111en od ugljikovog \u010delika s manganovim fosfatnim zavr\u0161nim slojem za superiornu otpornost na koroziju<\/li>\n<li>Tumbliran i pjeskaren prije presvla\u010denja za glatku povr\u0161inu bez zapinjanja<\/li>\n<li>Kompatibilan s remenima od 1-1\/4&#8243;, nude\u0107i svestranost za razli\u010dite konfiguracije<\/li>\n<li>Robusna konstrukcija izdr\u017eava intenzivnu uporabu u zahtjevnim okru\u017eenjima<\/li>\n<\/ul>\n<p>Vjerujte u BCM-ovu predanost kvaliteti i performansama. Ovaj brzo odvojivi nosa\u010d remena savr\u0161en je dodatak va\u0161oj takti\u010dkoj opremi, omogu\u0107uju\u0107i brzo pri\u010dvr\u0161\u0107ivanje i odvajanje bez ugro\u017eavanja sigurnosti.<\/p>\n<\/div>\n","protected":false},"excerpt":{"rendered":"<p>\u010cvrsti nosa\u010d remena za brzo otpu\u0161tanje. Siguran, izdr\u017eljiv, kompatibilan s 1-1\/4&#8243;.<\/p>\n","protected":false},"featured_media":36973,"template":"","meta":{"_acf_changed":false},"product_brand":[11054],"product_cat":[13569,13532,13518],"product_tag":[],"class_list":{"0":"post-37602","1":"product","2":"type-product","3":"status-publish","4":"has-post-thumbnail","6":"product_brand-bcm","7":"product_cat-puska","8":"product_cat-remeni","9":"product_cat-rifle-tuning","11":"first","12":"instock","13":"taxable","14":"shipping-taxable","15":"purchasable","16":"product-type-simple"},"acf":[],"_links":{"self":[{"href":"https:\/\/staging.nbg.eu\/hr\/wp-json\/wp\/v2\/product\/37602","targetHints":{"allow":["GET"]}}],"collection":[{"href":"https:\/\/staging.nbg.eu\/hr\/wp-json\/wp\/v2\/product"}],"about":[{"href":"https:\/\/staging.nbg.eu\/hr\/wp-json\/wp\/v2\/types\/product"}],"wp:featuredmedia":[{"embeddable":true,"href":"https:\/\/staging.nbg.eu\/hr\/wp-json\/wp\/v2\/media\/36973"}],"wp:attachment":[{"href":"https:\/\/staging.nbg.eu\/hr\/wp-json\/wp\/v2\/media?parent=37602"}],"wp:term":[{"taxonomy":"product_brand","embeddable":true,"href":"https:\/\/staging.nbg.eu\/hr\/wp-json\/wp\/v2\/product_brand?post=37602"},{"taxonomy":"product_cat","embeddable":true,"href":"https:\/\/staging.nbg.eu\/hr\/wp-json\/wp\/v2\/product_cat?post=37602"},{"taxonomy":"product_tag","embeddable":true,"href":"https:\/\/staging.nbg.eu\/hr\/wp-json\/wp\/v2\/product_tag?post=37602"}],"curies":[{"name":"wp","href":"https:\/\/api.w.org\/{rel}","templated":true}]}}