{"id":37579,"date":"2024-09-02T16:31:14","date_gmt":"2024-09-02T16:31:14","guid":{"rendered":"https:\/\/staging.nbg.eu\/product\/bcm-mcmr-sm-quick-detachable-sling-mount-m-lok-compatible\/"},"modified":"2024-09-09T14:21:39","modified_gmt":"2024-09-09T14:21:39","slug":"bcm-mcmr-sm-brzo-odvajajuci-nosac-remena-m-lok-kompatibilan","status":"publish","type":"product","link":"https:\/\/staging.nbg.eu\/hr\/proizvod\/bcm-mcmr-sm-brzo-odvajajuci-nosac-remena-m-lok-kompatibilan\/","title":{"rendered":"BCM\u00ae MCMR-SM Brzo Odvajaju\u0107i Nosa\u010d Remena (M-LOK\u00ae Kompatibilan*)"},"content":{"rendered":"<div class=\"product-description\">\n<h2>BCM\u00ae MCMR-SM Brzo odvojivi nosa\u010d remena (kompatibilan s M-LOK\u00ae*)<\/h2>\n<p>Pobolj\u0161ajte svestranost va\u0161eg vatrenog oru\u017eja s BCM\u00ae MCMR-SM brzo odvojivim nosa\u010dem remena. Ovaj niskoprofilni dodatak dizajniran je za pove\u0107anu mobilnost i smanjeni potencijal zapinjanja, \u010dine\u0107i ga klju\u010dnim dodatkom za va\u0161u M-LOK\u00ae kompatibilnu konfiguraciju.<\/p>\n<ul>\n<li>M-LOK\u00ae kompatibilan za jednostavnu instalaciju<\/li>\n<li>Prihva\u0107a standardne brzo odvojive okretne zglobove remena s potisnim gumbom (nisu uklju\u010deni)<\/li>\n<li>8-pozicijsko (360\u00b0) nerotiraju\u0107e su\u010delje za zaklju\u010davanje za optimalni polo\u017eaj remena<\/li>\n<li>Izdr\u017eljiva konstrukcija od \u010delika osigurava dugotrajne performanse<\/li>\n<\/ul>\n<p>Do\u017eivite pobolj\u0161anu pokretljivost i brzo pri\u010dvr\u0161\u0107ivanje remena s ovim robusnim, niskoprofilnim nosa\u010dem. Napomena: Brzo odvojivi okretni zglob remena prodaje se zasebno.<\/p>\n<\/div>\n","protected":false},"excerpt":{"rendered":"<p>BCM\u00ae MCMR-SM QD nosa\u010d za remen: Niskog profila, kompatibilan s M-LOK sustavom.<\/p>\n","protected":false},"featured_media":37043,"template":"","meta":{"_acf_changed":false},"product_brand":[11054],"product_cat":[13569,13532,13518],"product_tag":[],"class_list":{"0":"post-37579","1":"product","2":"type-product","3":"status-publish","4":"has-post-thumbnail","6":"product_brand-bcm","7":"product_cat-puska","8":"product_cat-remeni","9":"product_cat-rifle-tuning","11":"first","12":"instock","13":"taxable","14":"shipping-taxable","15":"purchasable","16":"product-type-simple"},"acf":[],"_links":{"self":[{"href":"https:\/\/staging.nbg.eu\/hr\/wp-json\/wp\/v2\/product\/37579","targetHints":{"allow":["GET"]}}],"collection":[{"href":"https:\/\/staging.nbg.eu\/hr\/wp-json\/wp\/v2\/product"}],"about":[{"href":"https:\/\/staging.nbg.eu\/hr\/wp-json\/wp\/v2\/types\/product"}],"wp:featuredmedia":[{"embeddable":true,"href":"https:\/\/staging.nbg.eu\/hr\/wp-json\/wp\/v2\/media\/37043"}],"wp:attachment":[{"href":"https:\/\/staging.nbg.eu\/hr\/wp-json\/wp\/v2\/media?parent=37579"}],"wp:term":[{"taxonomy":"product_brand","embeddable":true,"href":"https:\/\/staging.nbg.eu\/hr\/wp-json\/wp\/v2\/product_brand?post=37579"},{"taxonomy":"product_cat","embeddable":true,"href":"https:\/\/staging.nbg.eu\/hr\/wp-json\/wp\/v2\/product_cat?post=37579"},{"taxonomy":"product_tag","embeddable":true,"href":"https:\/\/staging.nbg.eu\/hr\/wp-json\/wp\/v2\/product_tag?post=37579"}],"curies":[{"name":"wp","href":"https:\/\/api.w.org\/{rel}","templated":true}]}}