{"id":37490,"date":"2024-09-02T16:37:54","date_gmt":"2024-09-02T16:37:54","guid":{"rendered":"https:\/\/staging.nbg.eu\/product\/bcm-kag-m-lok-compatible\/"},"modified":"2024-09-09T14:01:06","modified_gmt":"2024-09-09T14:01:06","slug":"bcm-kag-m-lok-kompatibilan","status":"publish","type":"product","link":"https:\/\/staging.nbg.eu\/hr\/proizvod\/bcm-kag-m-lok-kompatibilan\/","title":{"rendered":"BCM\u00ae KAG &#8211; (M-LOK\u00ae Kompatibilan*)"},"content":{"rendered":"<div class=\"product-description\">\n<h2>BCM\u00ae KAG &#8211; Kineti\u010dki kutni rukohvat (M-LOK\u00ae kompatibilan*)<\/h2>\n<p>Pobolj\u0161ajte svoje iskustvo pucanja s BCM\u00ae KAG-om, suradnjom izme\u0111u BCM\u00ae-a i Travisa Haleya iz Haley Strategic Partners. Ovaj inovativni rukohvat karakterizira:<\/p>\n<ul>\n<li>Biomehani\u010dki u\u010dinkovit nagib prema naprijed za pozitivno zadr\u017eavanje<\/li>\n<li>Olak\u0161anje za zglob, lakat i rame<\/li>\n<li>Teksturirana prednja i stra\u017enja strana za dosljedan zahvat<\/li>\n<li>Idealan za &#8220;C-stisak&#8221; i potpomognute polo\u017eaje pucanja<\/li>\n<li>Kompaktan dizajn za pobolj\u0161ano rukovanje oru\u017ejem<\/li>\n<li>Proizveden u SAD-u od visokokvalitetnih, udarno otpornih polimera<\/li>\n<\/ul>\n<p>Ergonomski dizajn KAG-a nadopunjuje moderne na\u010dine dr\u017eanja oru\u017eja, omogu\u0107uju\u0107i glatke prijelaze i pove\u0107anu u\u010dinkovitost bez dodavanja glomaznosti va\u0161em oru\u017eanom sustavu.<\/p>\n<\/div>\n","protected":false},"excerpt":{"rendered":"<p>BCM\u00ae KAG: Ergonomski M-LOK\u00ae rukohvat za pobolj\u0161anu kontrolu oru\u017eja.<\/p>\n","protected":false},"featured_media":37346,"template":"","meta":{"_acf_changed":false},"product_brand":[11054],"product_cat":[13585],"product_tag":[],"class_list":{"0":"post-37490","1":"product","2":"type-product","3":"status-publish","4":"has-post-thumbnail","6":"product_brand-bcm","7":"product_cat-nekategorizirano","9":"first","10":"instock","11":"taxable","12":"shipping-taxable","13":"purchasable","14":"product-type-variable","15":"wvs-archive-product-wrapper"},"acf":[],"_links":{"self":[{"href":"https:\/\/staging.nbg.eu\/hr\/wp-json\/wp\/v2\/product\/37490","targetHints":{"allow":["GET"]}}],"collection":[{"href":"https:\/\/staging.nbg.eu\/hr\/wp-json\/wp\/v2\/product"}],"about":[{"href":"https:\/\/staging.nbg.eu\/hr\/wp-json\/wp\/v2\/types\/product"}],"wp:featuredmedia":[{"embeddable":true,"href":"https:\/\/staging.nbg.eu\/hr\/wp-json\/wp\/v2\/media\/37346"}],"wp:attachment":[{"href":"https:\/\/staging.nbg.eu\/hr\/wp-json\/wp\/v2\/media?parent=37490"}],"wp:term":[{"taxonomy":"product_brand","embeddable":true,"href":"https:\/\/staging.nbg.eu\/hr\/wp-json\/wp\/v2\/product_brand?post=37490"},{"taxonomy":"product_cat","embeddable":true,"href":"https:\/\/staging.nbg.eu\/hr\/wp-json\/wp\/v2\/product_cat?post=37490"},{"taxonomy":"product_tag","embeddable":true,"href":"https:\/\/staging.nbg.eu\/hr\/wp-json\/wp\/v2\/product_tag?post=37490"}],"curies":[{"name":"wp","href":"https:\/\/api.w.org\/{rel}","templated":true}]}}