{"id":37442,"date":"2024-09-02T10:45:09","date_gmt":"2024-09-09T13:24:55","guid":{"rendered":"https:\/\/staging.nbg.eu\/product\/condition-one-j-arm-45-1-70\/"},"modified":"2024-09-09T13:25:25","modified_gmt":"2024-09-09T13:25:25","slug":"condition-one-j-arm-45-170","status":"publish","type":"product","link":"https:\/\/staging.nbg.eu\/hr\/proizvod\/condition-one-j-arm-45-170\/","title":{"rendered":"Condition One J-Arm 45\u00b0 1.70"},"content":{"rendered":"<div class=\"product-description\">\n<h2>Condition One J-Arm 45\u00b0 1,70<\/h2>\n<p>Unaprijedite svoj Condition One modularni nosa\u010d (C.O.M.M.) s vi\u0161enamjenskim Condition One J-Arm dodatkom. Ovaj esencijalni pribor nudi neusporedivu fleksibilnost za montiranje raznih dodataka na va\u0161u opremu.<\/p>\n<ul>\n<li>Kut od 45\u00b0 za optimalno pozicioniranje<\/li>\n<li>Duljina od 1,70&#8243; za precizno postavljanje dodataka<\/li>\n<li>Ambidekstralni dizajn &#8211; monta\u017ea lijevo ili desno<\/li>\n<li>Podesivo pozicioniranje naprijed-nazad<\/li>\n<li>Izra\u0111en od izdr\u017eljivog 7075-T6 aluminija<\/li>\n<li>Tip III tvrdo anodizirane zavr\u0161ne obrade<\/li>\n<li>Dostupno u boji pijeska i crnoj boji<\/li>\n<\/ul>\n<p>Prilagodite raspored svoje opreme s lako\u0107om i u\u010dinkovito\u0161\u0107u. Prilagodljiva priroda J-Arm dodatka omogu\u0107uje operaterima optimizaciju njihove opreme za bilo koju misiju ili preferenciju. Do\u017eivite vrhunsku kvalitetu i funkcionalnost s Condition One J-Arm 45\u00b0 1,70.<\/p>\n<\/div>\n","protected":false},"excerpt":{"rendered":"<p>Svestrani 45\u00b0 J-nosa\u010d za C.O.M.M. Izdr\u017eljivi aluminij, podesiv.<\/p>\n","protected":false},"featured_media":35354,"template":"","meta":{"_acf_changed":false},"product_brand":[11076],"product_cat":[13546,13545,13569,13518],"product_tag":[],"class_list":{"0":"post-37442","1":"product","2":"type-product","3":"status-publish","4":"has-post-thumbnail","6":"product_brand-badger-ordnance","7":"product_cat-crvene-tocke","8":"product_cat-nisanjenje","9":"product_cat-puska","10":"product_cat-rifle-tuning","12":"first","13":"instock","14":"taxable","15":"shipping-taxable","16":"purchasable","17":"product-type-simple"},"acf":[],"_links":{"self":[{"href":"https:\/\/staging.nbg.eu\/hr\/wp-json\/wp\/v2\/product\/37442","targetHints":{"allow":["GET"]}}],"collection":[{"href":"https:\/\/staging.nbg.eu\/hr\/wp-json\/wp\/v2\/product"}],"about":[{"href":"https:\/\/staging.nbg.eu\/hr\/wp-json\/wp\/v2\/types\/product"}],"wp:featuredmedia":[{"embeddable":true,"href":"https:\/\/staging.nbg.eu\/hr\/wp-json\/wp\/v2\/media\/35354"}],"wp:attachment":[{"href":"https:\/\/staging.nbg.eu\/hr\/wp-json\/wp\/v2\/media?parent=37442"}],"wp:term":[{"taxonomy":"product_brand","embeddable":true,"href":"https:\/\/staging.nbg.eu\/hr\/wp-json\/wp\/v2\/product_brand?post=37442"},{"taxonomy":"product_cat","embeddable":true,"href":"https:\/\/staging.nbg.eu\/hr\/wp-json\/wp\/v2\/product_cat?post=37442"},{"taxonomy":"product_tag","embeddable":true,"href":"https:\/\/staging.nbg.eu\/hr\/wp-json\/wp\/v2\/product_tag?post=37442"}],"curies":[{"name":"wp","href":"https:\/\/api.w.org\/{rel}","templated":true}]}}