{"id":36334,"date":"2024-07-30T18:54:40","date_gmt":"2024-09-02T13:54:24","guid":{"rendered":"https:\/\/staging.nbg.eu\/product\/mag-now-single-m4-pouch\/"},"modified":"2024-09-02T13:55:06","modified_gmt":"2024-09-02T13:55:06","slug":"mag-now-pojedinacna-m4-torbica","status":"publish","type":"product","link":"https:\/\/staging.nbg.eu\/hr\/proizvod\/mag-now-pojedinacna-m4-torbica\/","title":{"rendered":"MAG NOW! Pojedina\u010dna M4 Torbica"},"content":{"rendered":"<div class=\"product-description\">\n<h2>MAG NOW! SINGLE M4 FUTROLA od BlueForceGear<\/h2>\n<p>MAG NOW! SINGLE M4 FUTROLA je svestrana i izdr\u017eljiva futrola za spremnik streljiva dizajnirana za brz pristup i sigurno zadr\u017eavanje. Zna\u010dajke uklju\u010duju:<\/p>\n<ul>\n<li>Ultralaku konstrukciju koriste\u0107i vlasni\u010dki ULTRAcomp materijal<\/li>\n<li>Podesivo zadr\u017eavanje za razli\u010dite vrste spremnika<\/li>\n<li>MOLLE-kompatibilan sustav pri\u010dvr\u0161\u0107ivanja<\/li>\n<li>Ambidekstralni dizajn za kori\u0161tenje lijevom ili desnom rukom<\/li>\n<li>Niskoprofilni oblik za smanjenu glomaznost<\/li>\n<\/ul>\n<p>Savr\u0161eno za vojsku, policiju i natjecateljske strijelce koji zahtijevaju brze promjene spremnika i pouzdanu opremu.<\/p>\n<\/div>\n","protected":false},"excerpt":{"rendered":"<p>Sigurna torbica za brzi pristup M4 spremniku. Izdr\u017eljiv i lagan dizajn.<\/p>\n","protected":false},"featured_media":34599,"template":"","meta":{"_acf_changed":false},"product_brand":[11122],"product_cat":[13512,13536,13527],"product_tag":[],"class_list":{"0":"post-36334","1":"product","2":"type-product","3":"status-publish","4":"has-post-thumbnail","6":"product_brand-blue-force-gear","7":"product_cat-drzaci-spremnika","8":"product_cat-oprema","9":"product_cat-torbice","11":"first","12":"instock","13":"taxable","14":"shipping-taxable","15":"purchasable","16":"product-type-variable","17":"wvs-archive-product-wrapper"},"acf":[],"_links":{"self":[{"href":"https:\/\/staging.nbg.eu\/hr\/wp-json\/wp\/v2\/product\/36334","targetHints":{"allow":["GET"]}}],"collection":[{"href":"https:\/\/staging.nbg.eu\/hr\/wp-json\/wp\/v2\/product"}],"about":[{"href":"https:\/\/staging.nbg.eu\/hr\/wp-json\/wp\/v2\/types\/product"}],"wp:featuredmedia":[{"embeddable":true,"href":"https:\/\/staging.nbg.eu\/hr\/wp-json\/wp\/v2\/media\/34599"}],"wp:attachment":[{"href":"https:\/\/staging.nbg.eu\/hr\/wp-json\/wp\/v2\/media?parent=36334"}],"wp:term":[{"taxonomy":"product_brand","embeddable":true,"href":"https:\/\/staging.nbg.eu\/hr\/wp-json\/wp\/v2\/product_brand?post=36334"},{"taxonomy":"product_cat","embeddable":true,"href":"https:\/\/staging.nbg.eu\/hr\/wp-json\/wp\/v2\/product_cat?post=36334"},{"taxonomy":"product_tag","embeddable":true,"href":"https:\/\/staging.nbg.eu\/hr\/wp-json\/wp\/v2\/product_tag?post=36334"}],"curies":[{"name":"wp","href":"https:\/\/api.w.org\/{rel}","templated":true}]}}