{"id":36272,"date":"2024-07-30T18:55:35","date_gmt":"2024-09-02T13:50:24","guid":{"rendered":"https:\/\/staging.nbg.eu\/product\/helium-whisper-zippered-accessory-pouch\/"},"modified":"2024-09-02T13:51:14","modified_gmt":"2024-09-02T13:51:14","slug":"helium-whisper-torbica-za-pribor-sa-patentnim-zatvaracem","status":"publish","type":"product","link":"https:\/\/staging.nbg.eu\/hr\/proizvod\/helium-whisper-torbica-za-pribor-sa-patentnim-zatvaracem\/","title":{"rendered":"HELIUM WHISPER\u00ae Torbica za Pribor sa Patentnim Zatvara\u010dem"},"content":{"rendered":"<p>\nHELIUM WHISPER\u00ae ZIPIRANA DODATNA TORBICA tvrtke BlueForceGear svestrano je i lagano rje\u0161enje za pohranu va\u0161e takti\u010dke opreme. Zna\u010dajke uklju\u010duju:<\/p>\n<ul>\n<li>Ultralagani ULTRAcomp\u00ae materijal za izdr\u017eljivost i otpornost na vodu<\/li>\n<li>MOLLE-kompatibilni Helium Whisper\u00ae sustav pri\u010dvr\u0161\u0107ivanja za jednostavnu integraciju<\/li>\n<li>Glavni pretinac sa zatvara\u010dem za sigurnu pohranu<\/li>\n<li>Unutarnje elasti\u010dne petlje za organizaciju malih predmeta<\/li>\n<li>Dostupno u vi\u0161e boja za uskla\u0111ivanje s va\u0161om opremom<\/li>\n<\/ul>\n<p>Savr\u0161ena za pohranu medicinskih potrep\u0161tina, elektronike ili drugih neophodnih predmeta, ova torbica kombinira funkcionalnost s inovativnim dizajnom BlueForceGeara za optimalne performanse u bilo kojem okru\u017eenju.<\/p>\n","protected":false},"excerpt":{"rendered":"<p>Lagana, vi\u0161enamjenska torbica za sigurno spremanje opreme u pokretu.<\/p>\n","protected":false},"featured_media":36273,"template":"","meta":{"_acf_changed":false},"product_brand":[11122],"product_cat":[13536,13527],"product_tag":[],"class_list":{"0":"post-36272","1":"product","2":"type-product","3":"status-publish","4":"has-post-thumbnail","6":"product_brand-blue-force-gear","7":"product_cat-oprema","8":"product_cat-torbice","10":"first","11":"instock","12":"taxable","13":"shipping-taxable","14":"purchasable","15":"product-type-variable","16":"wvs-archive-product-wrapper"},"acf":[],"_links":{"self":[{"href":"https:\/\/staging.nbg.eu\/hr\/wp-json\/wp\/v2\/product\/36272","targetHints":{"allow":["GET"]}}],"collection":[{"href":"https:\/\/staging.nbg.eu\/hr\/wp-json\/wp\/v2\/product"}],"about":[{"href":"https:\/\/staging.nbg.eu\/hr\/wp-json\/wp\/v2\/types\/product"}],"wp:featuredmedia":[{"embeddable":true,"href":"https:\/\/staging.nbg.eu\/hr\/wp-json\/wp\/v2\/media\/36273"}],"wp:attachment":[{"href":"https:\/\/staging.nbg.eu\/hr\/wp-json\/wp\/v2\/media?parent=36272"}],"wp:term":[{"taxonomy":"product_brand","embeddable":true,"href":"https:\/\/staging.nbg.eu\/hr\/wp-json\/wp\/v2\/product_brand?post=36272"},{"taxonomy":"product_cat","embeddable":true,"href":"https:\/\/staging.nbg.eu\/hr\/wp-json\/wp\/v2\/product_cat?post=36272"},{"taxonomy":"product_tag","embeddable":true,"href":"https:\/\/staging.nbg.eu\/hr\/wp-json\/wp\/v2\/product_tag?post=36272"}],"curies":[{"name":"wp","href":"https:\/\/api.w.org\/{rel}","templated":true}]}}