{"id":35501,"date":"2024-07-30T14:27:38","date_gmt":"2024-09-02T13:33:06","guid":{"rendered":"https:\/\/staging.nbg.eu\/product\/blueforcegear-grid-belt\/"},"modified":"2024-09-02T13:33:54","modified_gmt":"2024-09-02T13:33:54","slug":"blueforcegear-grid-remen","status":"publish","type":"product","link":"https:\/\/staging.nbg.eu\/hr\/proizvod\/blueforcegear-grid-remen\/","title":{"rendered":"BlueForceGear GRID\u2122 Remen"},"content":{"rendered":"<p>BlueForceGear GRID\u2122 pojas je svestran i robustan takti\u010dki pojas dizajniran za maksimalnu udobnost i funkcionalnost. Opremljen inovativnim MOLLE-kompatibilnim GRID\u2122 sustavom, ovaj pojas omogu\u0107uje prilagodljivo pri\u010dvr\u0161\u0107ivanje torbi i dodataka. Izra\u0111en od izdr\u017eljivih materijala, nudi superiornu \u010dvrsto\u0107u i dugotrajnost.<\/p>\n<ul>\n<li>Lagan, ali \u010dvrst dizajn<\/li>\n<li>Kop\u010da za brzo otpu\u0161tanje za lako stavljanje i skidanje<\/li>\n<li>Podesiv za savr\u0161eno pristajanje<\/li>\n<li>Kompatibilan s futrolama za du\u017enost i prikriveno no\u0161enje<\/li>\n<li>Dostupan u vi\u0161e boja i veli\u010dina<\/li>\n<\/ul>\n<p>Do\u017eivite neusporedivu podr\u0161ku i fleksibilnost s BlueForceGear GRID\u2122 pojasom, idealnim za policiju, vojno osoblje i takti\u010dke entuzijaste.<\/p>\n","protected":false},"excerpt":{"rendered":"<p>Izdr\u017eljiv, niskoprofilni takti\u010dki pojas za svestranu priklju\u010dnu opremu.<\/p>\n","protected":false},"featured_media":35502,"template":"","meta":{"_acf_changed":false},"product_brand":[11122],"product_cat":[13536,13555],"product_tag":[],"class_list":{"0":"post-35501","1":"product","2":"type-product","3":"status-publish","4":"has-post-thumbnail","6":"product_brand-blue-force-gear","7":"product_cat-oprema","8":"product_cat-takticki-remeni","10":"first","11":"instock","12":"taxable","13":"shipping-taxable","14":"purchasable","15":"product-type-variable","16":"wvs-archive-product-wrapper"},"acf":[],"_links":{"self":[{"href":"https:\/\/staging.nbg.eu\/hr\/wp-json\/wp\/v2\/product\/35501","targetHints":{"allow":["GET"]}}],"collection":[{"href":"https:\/\/staging.nbg.eu\/hr\/wp-json\/wp\/v2\/product"}],"about":[{"href":"https:\/\/staging.nbg.eu\/hr\/wp-json\/wp\/v2\/types\/product"}],"wp:featuredmedia":[{"embeddable":true,"href":"https:\/\/staging.nbg.eu\/hr\/wp-json\/wp\/v2\/media\/35502"}],"wp:attachment":[{"href":"https:\/\/staging.nbg.eu\/hr\/wp-json\/wp\/v2\/media?parent=35501"}],"wp:term":[{"taxonomy":"product_brand","embeddable":true,"href":"https:\/\/staging.nbg.eu\/hr\/wp-json\/wp\/v2\/product_brand?post=35501"},{"taxonomy":"product_cat","embeddable":true,"href":"https:\/\/staging.nbg.eu\/hr\/wp-json\/wp\/v2\/product_cat?post=35501"},{"taxonomy":"product_tag","embeddable":true,"href":"https:\/\/staging.nbg.eu\/hr\/wp-json\/wp\/v2\/product_tag?post=35501"}],"curies":[{"name":"wp","href":"https:\/\/api.w.org\/{rel}","templated":true}]}}