{"id":34763,"date":"2024-07-30T19:21:28","date_gmt":"2024-08-27T14:43:26","guid":{"rendered":"https:\/\/staging.nbg.eu\/product\/leg-strap-for-holster-adapter\/"},"modified":"2024-08-27T14:44:10","modified_gmt":"2024-08-27T14:44:10","slug":"nozni-remen-za-adapter-futrole","status":"publish","type":"product","link":"https:\/\/staging.nbg.eu\/hr\/proizvod\/nozni-remen-za-adapter-futrole\/","title":{"rendered":"No\u017eni Remen Za Adapter Futrole"},"content":{"rendered":"<div class=\"product-description\">\n<h2>BlueForceGear No\u017ena traka za adapter futrole<\/h2>\n<p>Pobolj\u0161ajte stabilnost i udobnost va\u0161e futrole s BlueForceGear no\u017enom trakom za adapter futrole. Ova izdr\u017eljiva, podesiva traka dizajnirana je za pri\u010dvr\u0161\u0107ivanje futrole na bedro, pru\u017eaju\u0107i pouzdan i dosljedan izvla\u010denje.<\/p>\n<ul>\n<h3>Zna\u010dajke:<\/h3>\n<li>Kompatibilna s ve\u0107inom adaptera za futrole<\/li>\n<li>Podesiva za savr\u0161eno pristajanje<\/li>\n<li>Izra\u0111ena od visokokvalitetnih, prozra\u010dnih materijala<\/li>\n<li>Protuklizni dizajn za maksimalnu stabilnost<\/li>\n<li>Kop\u010da za brzo otpu\u0161tanje za lako stavljanje\/skidanje<\/li>\n<\/ul>\n<p>Idealna za policiju, vojsku i civilnu uporabu, ova no\u017ena traka osigurava da va\u0161a futrola ostane na mjestu tijekom intenzivnih aktivnosti.<\/p>\n<\/div>\n","protected":false},"excerpt":{"rendered":"<p>Sigurna traka za nogu pobolj\u0161ava stabilnost futrole za glatko izvla\u010denje.<\/p>\n","protected":false},"featured_media":34764,"template":"","meta":{"_acf_changed":false},"product_brand":[11122],"product_cat":[13556,13523,13536],"product_tag":[],"class_list":{"0":"post-34763","1":"product","2":"type-product","3":"status-publish","4":"has-post-thumbnail","6":"product_brand-blue-force-gear","7":"product_cat-dodaci-za-futrole","8":"product_cat-futrola","9":"product_cat-oprema","11":"first","12":"instock","13":"taxable","14":"shipping-taxable","15":"purchasable","16":"product-type-variable","17":"wvs-archive-product-wrapper"},"acf":[],"_links":{"self":[{"href":"https:\/\/staging.nbg.eu\/hr\/wp-json\/wp\/v2\/product\/34763","targetHints":{"allow":["GET"]}}],"collection":[{"href":"https:\/\/staging.nbg.eu\/hr\/wp-json\/wp\/v2\/product"}],"about":[{"href":"https:\/\/staging.nbg.eu\/hr\/wp-json\/wp\/v2\/types\/product"}],"wp:featuredmedia":[{"embeddable":true,"href":"https:\/\/staging.nbg.eu\/hr\/wp-json\/wp\/v2\/media\/34764"}],"wp:attachment":[{"href":"https:\/\/staging.nbg.eu\/hr\/wp-json\/wp\/v2\/media?parent=34763"}],"wp:term":[{"taxonomy":"product_brand","embeddable":true,"href":"https:\/\/staging.nbg.eu\/hr\/wp-json\/wp\/v2\/product_brand?post=34763"},{"taxonomy":"product_cat","embeddable":true,"href":"https:\/\/staging.nbg.eu\/hr\/wp-json\/wp\/v2\/product_cat?post=34763"},{"taxonomy":"product_tag","embeddable":true,"href":"https:\/\/staging.nbg.eu\/hr\/wp-json\/wp\/v2\/product_tag?post=34763"}],"curies":[{"name":"wp","href":"https:\/\/api.w.org\/{rel}","templated":true}]}}