{"id":34597,"date":"2024-07-30T19:26:43","date_gmt":"2024-08-27T14:29:52","guid":{"rendered":"https:\/\/staging.nbg.eu\/product\/mag-now-triple-m4-pouch\/"},"modified":"2024-08-27T14:30:38","modified_gmt":"2024-08-27T14:30:38","slug":"mag-now-trostruka-m4-torbica","status":"publish","type":"product","link":"https:\/\/staging.nbg.eu\/hr\/proizvod\/mag-now-trostruka-m4-torbica\/","title":{"rendered":"MAG NOW! TROSTRUKA M4 TORBICA"},"content":{"rendered":"<p><strong>MAG NOW! TRIPLE M4 POUCH<\/strong> tvrtke BlueForceGear je visoko u\u010dinkoviti nosa\u010d magazina dizajniran za takti\u010dke profesionalce i entuzijaste. Zna\u010dajke uklju\u010duju:<\/p>\n<ul>\n<li>Sigurno dr\u017ei tri M4\/AR-15 magazina od 30 metaka<\/li>\n<li>Izdr\u017eljiva konstrukcija od 500D Cordura najlona<\/li>\n<li>Helium Whisper sustav pri\u010dvr\u0161\u0107ivanja za laganu MOLLE kompatibilnost<\/li>\n<li>Trake za brzi pristup s elasti\u010dnom gumom<\/li>\n<li>Dizajn niskog profila za smanjenu glomaznost<\/li>\n<li>Dostupno u vi\u0161e boja kako bi se uskladilo s va\u0161om opremom<\/li>\n<\/ul>\n<p>Nadogradite svoju opremu ovom svestranom, pouzdanom torbom koja osigurava brzu zamjenu magazina kada je svaka sekunda va\u017ena.<\/p>\n","protected":false},"excerpt":{"rendered":"<p>Sigurna trostruka torbica za M4 spremnike. Brz pristup. Izdr\u017eljiv dizajn.<\/p>\n","protected":false},"featured_media":34598,"template":"","meta":{"_acf_changed":false},"product_brand":[11122],"product_cat":[13512,13536,13527],"product_tag":[],"class_list":{"0":"post-34597","1":"product","2":"type-product","3":"status-publish","4":"has-post-thumbnail","6":"product_brand-blue-force-gear","7":"product_cat-drzaci-spremnika","8":"product_cat-oprema","9":"product_cat-torbice","11":"first","12":"instock","13":"taxable","14":"shipping-taxable","15":"purchasable","16":"product-type-variable","17":"wvs-archive-product-wrapper"},"acf":[],"_links":{"self":[{"href":"https:\/\/staging.nbg.eu\/hr\/wp-json\/wp\/v2\/product\/34597","targetHints":{"allow":["GET"]}}],"collection":[{"href":"https:\/\/staging.nbg.eu\/hr\/wp-json\/wp\/v2\/product"}],"about":[{"href":"https:\/\/staging.nbg.eu\/hr\/wp-json\/wp\/v2\/types\/product"}],"wp:featuredmedia":[{"embeddable":true,"href":"https:\/\/staging.nbg.eu\/hr\/wp-json\/wp\/v2\/media\/34598"}],"wp:attachment":[{"href":"https:\/\/staging.nbg.eu\/hr\/wp-json\/wp\/v2\/media?parent=34597"}],"wp:term":[{"taxonomy":"product_brand","embeddable":true,"href":"https:\/\/staging.nbg.eu\/hr\/wp-json\/wp\/v2\/product_brand?post=34597"},{"taxonomy":"product_cat","embeddable":true,"href":"https:\/\/staging.nbg.eu\/hr\/wp-json\/wp\/v2\/product_cat?post=34597"},{"taxonomy":"product_tag","embeddable":true,"href":"https:\/\/staging.nbg.eu\/hr\/wp-json\/wp\/v2\/product_tag?post=34597"}],"curies":[{"name":"wp","href":"https:\/\/api.w.org\/{rel}","templated":true}]}}