{"id":33805,"date":"2024-07-30T19:32:12","date_gmt":"2024-08-27T13:57:29","guid":{"rendered":"https:\/\/staging.nbg.eu\/product\/single-pistol-mag-pouch\/"},"modified":"2024-08-27T13:58:26","modified_gmt":"2024-08-27T13:58:26","slug":"torbica-za-jedan-pistoljski-sarzer","status":"publish","type":"product","link":"https:\/\/staging.nbg.eu\/hr\/proizvod\/torbica-za-jedan-pistoljski-sarzer\/","title":{"rendered":"Torbica Za Jedan Pi\u0161toljski \u0160ar\u017eer"},"content":{"rendered":"<div class=\"product-description\">\n<h2>Blue Force Gear Pojedina\u010dna Torbica za Pi\u0161toljski Okvir<\/h2>\n<p>Unaprijedite svoju takti\u010dku opremu s Blue Force Gear pojedina\u010dnom torbicom za pi\u0161toljski okvir. Ova kompaktna, lagana torbica dizajnirana je za brz pristup i sigurno dr\u017eanje va\u0161eg pi\u0161toljskog okvira.<\/p>\n<ul>\n<li>Izdr\u017eljiva konstrukcija od 1000D Cordura materijala<\/li>\n<li>Podesiva napetost za razli\u010dite veli\u010dine okvira<\/li>\n<li>MOLLE-kompatibilan sustav pri\u010dvr\u0161\u0107ivanja<\/li>\n<li>Dizajn niskog profila za diskretno no\u0161enje<\/li>\n<li>Ambideksterna konfiguracija<\/li>\n<li>Dostupno u vi\u0161e boja<\/li>\n<\/ul>\n<p>Savr\u0161eno za policiju, vojsku i civilnu upotrebu, ova vi\u0161enamjenska torbica osigurava da vam je rezervni okvir uvijek nadohvat ruke.<\/p>\n<\/div>\n","protected":false},"excerpt":{"rendered":"<p>Sigurna, tanka futrola za spremnik. Dizajn za brzo izvla\u010denje. Izdr\u017eljiva konstrukcija.<\/p>\n","protected":false},"featured_media":33812,"template":"","meta":{"_acf_changed":false},"product_brand":[11122],"product_cat":[13512,13536,13527],"product_tag":[],"class_list":{"0":"post-33805","1":"product","2":"type-product","3":"status-publish","4":"has-post-thumbnail","6":"product_brand-blue-force-gear","7":"product_cat-drzaci-spremnika","8":"product_cat-oprema","9":"product_cat-torbice","11":"first","12":"instock","13":"taxable","14":"shipping-taxable","15":"purchasable","16":"product-type-variable","17":"wvs-archive-product-wrapper"},"acf":[],"_links":{"self":[{"href":"https:\/\/staging.nbg.eu\/hr\/wp-json\/wp\/v2\/product\/33805","targetHints":{"allow":["GET"]}}],"collection":[{"href":"https:\/\/staging.nbg.eu\/hr\/wp-json\/wp\/v2\/product"}],"about":[{"href":"https:\/\/staging.nbg.eu\/hr\/wp-json\/wp\/v2\/types\/product"}],"wp:featuredmedia":[{"embeddable":true,"href":"https:\/\/staging.nbg.eu\/hr\/wp-json\/wp\/v2\/media\/33812"}],"wp:attachment":[{"href":"https:\/\/staging.nbg.eu\/hr\/wp-json\/wp\/v2\/media?parent=33805"}],"wp:term":[{"taxonomy":"product_brand","embeddable":true,"href":"https:\/\/staging.nbg.eu\/hr\/wp-json\/wp\/v2\/product_brand?post=33805"},{"taxonomy":"product_cat","embeddable":true,"href":"https:\/\/staging.nbg.eu\/hr\/wp-json\/wp\/v2\/product_cat?post=33805"},{"taxonomy":"product_tag","embeddable":true,"href":"https:\/\/staging.nbg.eu\/hr\/wp-json\/wp\/v2\/product_tag?post=33805"}],"curies":[{"name":"wp","href":"https:\/\/api.w.org\/{rel}","templated":true}]}}