{"id":33639,"date":"2024-07-30T19:33:04","date_gmt":"2024-08-27T13:14:04","guid":{"rendered":"https:\/\/staging.nbg.eu\/product\/mag-now-single-pistol-pouch-bullets-flat\/"},"modified":"2024-08-27T13:14:56","modified_gmt":"2024-08-27T13:14:56","slug":"mag-now-jedna-torbica-za-pistoljski-sarzer-meci-ravno","status":"publish","type":"product","link":"https:\/\/staging.nbg.eu\/hr\/proizvod\/mag-now-jedna-torbica-za-pistoljski-sarzer-meci-ravno\/","title":{"rendered":"MAG NOW! JEDNA TORBICA ZA PI\u0160TOLJSKI \u0160AR\u017dER (MECI RAVNO)"},"content":{"rendered":"<p>\n<strong>MAG NOW! SINGLE PISTOL POUCH (BULLETS FLAT)<\/strong> tvrtke Blue Force Gear svestrano je i izdr\u017eljivo rje\u0161enje za no\u0161enje spremnika za pi\u0161tolj. Zna\u010dajke uklju\u010duju:<\/p>\n<ul>\n<li>Dizajn niskog profila za diskretno no\u0161enje<\/li>\n<li>Sigurno zadr\u017eavanje s mogu\u0107no\u0161\u0107u brzog otpu\u0161tanja<\/li>\n<li>Kompatibilnost s ve\u0107inom dvostrukih spremnika za pi\u0161tolj<\/li>\n<li>Lagana ULTRAcomp konstrukcija<\/li>\n<li>Kompatibilnost s MOLLE\/PALS sustavom<\/li>\n<li>Dostupno u vi\u0161e boja<\/li>\n<\/ul>\n<p>Savr\u0161en za vojnu, policijsku i civilnu uporabu, ovaj spremnik nudi brz pristup i pouzdane performanse u svakoj situaciji. Nadogradite svoju opremu inovativnim dizajnom Blue Force Geara.<\/p>\n","protected":false},"excerpt":{"rendered":"<p>Tanka, sigurna futrola za pi\u0161toljski spremnik. Ravni metci. Dizajn za brzi pristup.<\/p>\n","protected":false},"featured_media":33640,"template":"","meta":{"_acf_changed":false},"product_brand":[11122],"product_cat":[13536,13527],"product_tag":[],"class_list":{"0":"post-33639","1":"product","2":"type-product","3":"status-publish","4":"has-post-thumbnail","6":"product_brand-blue-force-gear","7":"product_cat-oprema","8":"product_cat-torbice","10":"first","11":"instock","12":"taxable","13":"shipping-taxable","14":"purchasable","15":"product-type-variable","16":"wvs-archive-product-wrapper"},"acf":[],"_links":{"self":[{"href":"https:\/\/staging.nbg.eu\/hr\/wp-json\/wp\/v2\/product\/33639","targetHints":{"allow":["GET"]}}],"collection":[{"href":"https:\/\/staging.nbg.eu\/hr\/wp-json\/wp\/v2\/product"}],"about":[{"href":"https:\/\/staging.nbg.eu\/hr\/wp-json\/wp\/v2\/types\/product"}],"wp:featuredmedia":[{"embeddable":true,"href":"https:\/\/staging.nbg.eu\/hr\/wp-json\/wp\/v2\/media\/33640"}],"wp:attachment":[{"href":"https:\/\/staging.nbg.eu\/hr\/wp-json\/wp\/v2\/media?parent=33639"}],"wp:term":[{"taxonomy":"product_brand","embeddable":true,"href":"https:\/\/staging.nbg.eu\/hr\/wp-json\/wp\/v2\/product_brand?post=33639"},{"taxonomy":"product_cat","embeddable":true,"href":"https:\/\/staging.nbg.eu\/hr\/wp-json\/wp\/v2\/product_cat?post=33639"},{"taxonomy":"product_tag","embeddable":true,"href":"https:\/\/staging.nbg.eu\/hr\/wp-json\/wp\/v2\/product_tag?post=33639"}],"curies":[{"name":"wp","href":"https:\/\/api.w.org\/{rel}","templated":true}]}}