{"id":33148,"date":"2024-01-30T18:06:01","date_gmt":"2024-08-27T12:55:10","guid":{"rendered":"https:\/\/staging.nbg.eu\/product\/plate6-molleminus-plate-carrier\/"},"modified":"2024-08-27T12:56:10","modified_gmt":"2024-08-27T12:56:10","slug":"plate6-molleminus-nosac-ploca","status":"publish","type":"product","link":"https:\/\/staging.nbg.eu\/hr\/proizvod\/plate6-molleminus-nosac-ploca\/","title":{"rendered":"PLATE6\u00ae MOLLEminus Nosa\u010d Plo\u010da"},"content":{"rendered":"<p>\nPLATE6\u00ae MOLLEminus nosa\u010d plo\u010da tvrtke BlueForceGear je lagano, niskoprofilno rje\u0161enje za takti\u010dke operatere. Zna\u010dajke uklju\u010duju:<\/p>\n<ul>\n<li>Patentirana ULTRAcomp\u00ae laminatna konstrukcija<\/li>\n<li>Inovativni MOLLEminus sustav pri\u010dvr\u0161\u0107ivanja<\/li>\n<li>Podesive naramenice i pojas<\/li>\n<li>Kompatibilan sa SAPI\/ESAPI plo\u010dama do 25,4&#215;30,5 cm<\/li>\n<li>Sustav brzog otpu\u0161tanja za brzo skidanje<\/li>\n<li>Laserski izrezani ventilacijski otvori za pobolj\u0161anu prozra\u010dnost<\/li>\n<li>Dostupno u vi\u0161e boja<\/li>\n<\/ul>\n<p>Dizajniran za maksimalnu pokretljivost i minimalnu te\u017einu, PLATE6\u00ae nudi vrhunsku za\u0161titu bez kompromitiranja agilnosti. Savr\u0161en za vojne, policijske i sigurnosne profesionalce koji zahtijevaju najbolje u takti\u010dkoj opremi.<\/p>\n","protected":false},"excerpt":{"rendered":"<p>Ultralagani, niskoprofilni nosa\u010d plo\u010de. Prilagodljiv, udoban, izdr\u017eljiv.<\/p>\n","protected":false},"featured_media":33152,"template":"","meta":{"_acf_changed":false},"product_brand":[11122],"product_cat":[13551,13536],"product_tag":[],"class_list":{"0":"post-33148","1":"product","2":"type-product","3":"status-publish","4":"has-post-thumbnail","6":"product_brand-blue-force-gear","7":"product_cat-nosaci-ploca","8":"product_cat-oprema","10":"first","11":"instock","12":"taxable","13":"shipping-taxable","14":"purchasable","15":"product-type-variable","16":"wvs-archive-product-wrapper"},"acf":[],"_links":{"self":[{"href":"https:\/\/staging.nbg.eu\/hr\/wp-json\/wp\/v2\/product\/33148","targetHints":{"allow":["GET"]}}],"collection":[{"href":"https:\/\/staging.nbg.eu\/hr\/wp-json\/wp\/v2\/product"}],"about":[{"href":"https:\/\/staging.nbg.eu\/hr\/wp-json\/wp\/v2\/types\/product"}],"wp:featuredmedia":[{"embeddable":true,"href":"https:\/\/staging.nbg.eu\/hr\/wp-json\/wp\/v2\/media\/33152"}],"wp:attachment":[{"href":"https:\/\/staging.nbg.eu\/hr\/wp-json\/wp\/v2\/media?parent=33148"}],"wp:term":[{"taxonomy":"product_brand","embeddable":true,"href":"https:\/\/staging.nbg.eu\/hr\/wp-json\/wp\/v2\/product_brand?post=33148"},{"taxonomy":"product_cat","embeddable":true,"href":"https:\/\/staging.nbg.eu\/hr\/wp-json\/wp\/v2\/product_cat?post=33148"},{"taxonomy":"product_tag","embeddable":true,"href":"https:\/\/staging.nbg.eu\/hr\/wp-json\/wp\/v2\/product_tag?post=33148"}],"curies":[{"name":"wp","href":"https:\/\/api.w.org\/{rel}","templated":true}]}}