{"id":31589,"date":"2024-08-18T19:30:03","date_gmt":"2024-08-24T13:45:52","guid":{"rendered":"https:\/\/staging.nbg.eu\/product\/daa-22x22mm-target-patches\/"},"modified":"2024-09-10T07:35:37","modified_gmt":"2024-09-10T07:35:37","slug":"daa-22x22mm-zakrpe-za-mete","status":"publish","type":"product","link":"https:\/\/staging.nbg.eu\/hr\/proizvod\/daa-22x22mm-zakrpe-za-mete\/","title":{"rendered":"Daa 22X22Mm Zakrpe Za Mete"},"content":{"rendered":"<div class=\"product-description\">\n<h2>DAA 22x22mm naljepnice za mete<\/h2>\n<p>Unaprijedite svoje iskustvo ga\u0111anja s DAA-ovim posebno izra\u0111enim naljepnicama za mete, dizajniranima da se savr\u0161eno uklope s uobi\u010dajenim kartonskim metama.<\/p>\n<ul>\n<li>Boja uskla\u0111ena za gotovo nevidljivu primjenu na uobi\u010dajenim metama<\/li>\n<li>Jedinstveni kvadratni dizajn 22x22mm za ve\u0107u pokrivenost<\/li>\n<li>Lak\u0161e i br\u017ee za primjenu od standardnih okruglih naljepnica<\/li>\n<li>1.000 naljepnica po roli, 10 rola po pakiranju<\/li>\n<\/ul>\n<p>Ove premium naljepnice nude superiorniju pokrivenost i u\u010dinkovitost u usporedbi sa standardnim okruglim naljepnicama od 20mm. Njihov kvadratni oblik omogu\u0107uje br\u017eu primjenu bez potrebe za preciznim ciljanjem. Bez obzira jeste li profesionalni ili rekreativni strijelac, DAA naljepnice za mete pru\u017eaju besprijekorno rje\u0161enje za produljenje \u017eivotnog vijeka va\u0161ih meta u svim vremenskim uvjetima.<\/p>\n<\/div>\n","protected":false},"excerpt":{"rendered":"<p>Vremenske prilike otporne naljepnice za mete veli\u010dine 22x22mm. 1000 komada po roli, 10 rola po pakiranju.<\/p>\n","protected":false},"featured_media":29093,"template":"","meta":{"_acf_changed":false},"product_brand":[11260],"product_cat":[13534,13567,13542],"product_tag":[],"class_list":{"0":"post-31589","1":"product","2":"type-product","3":"status-publish","4":"has-post-thumbnail","6":"product_brand-doublealpha","7":"product_cat-krpice-i-cistaci","8":"product_cat-mete","9":"product_cat-papirnate-mete","11":"first","12":"instock","13":"taxable","14":"shipping-taxable","15":"purchasable","16":"product-type-variable","17":"wvs-archive-product-wrapper"},"acf":[],"_links":{"self":[{"href":"https:\/\/staging.nbg.eu\/hr\/wp-json\/wp\/v2\/product\/31589","targetHints":{"allow":["GET"]}}],"collection":[{"href":"https:\/\/staging.nbg.eu\/hr\/wp-json\/wp\/v2\/product"}],"about":[{"href":"https:\/\/staging.nbg.eu\/hr\/wp-json\/wp\/v2\/types\/product"}],"wp:featuredmedia":[{"embeddable":true,"href":"https:\/\/staging.nbg.eu\/hr\/wp-json\/wp\/v2\/media\/29093"}],"wp:attachment":[{"href":"https:\/\/staging.nbg.eu\/hr\/wp-json\/wp\/v2\/media?parent=31589"}],"wp:term":[{"taxonomy":"product_brand","embeddable":true,"href":"https:\/\/staging.nbg.eu\/hr\/wp-json\/wp\/v2\/product_brand?post=31589"},{"taxonomy":"product_cat","embeddable":true,"href":"https:\/\/staging.nbg.eu\/hr\/wp-json\/wp\/v2\/product_cat?post=31589"},{"taxonomy":"product_tag","embeddable":true,"href":"https:\/\/staging.nbg.eu\/hr\/wp-json\/wp\/v2\/product_tag?post=31589"}],"curies":[{"name":"wp","href":"https:\/\/api.w.org\/{rel}","templated":true}]}}