{"id":31503,"date":"2024-08-18T19:35:37","date_gmt":"2024-08-24T13:43:44","guid":{"rendered":"https:\/\/staging.nbg.eu\/product\/proizvod-5\/"},"modified":"2024-09-09T15:45:23","modified_gmt":"2024-09-09T15:45:23","slug":"mrbulletfeeder-by-double-alpha-gen-2","status":"publish","type":"product","link":"https:\/\/staging.nbg.eu\/hr\/proizvod\/mrbulletfeeder-by-double-alpha-gen-2\/","title":{"rendered":"Mr.Bulletfeeder By Double-Alpha Gen 2"},"content":{"rendered":"<div class=\"product-description\">\n<h2>Mr.Bulletfeeder By Double-Alpha Gen 2<\/h2>\n<p>Revolucionirajte svoj proces ponovnog punjenja s Mr.Bulletfeeder By Double-Alpha Gen 2. Ovaj napredni sustav za punjenje metaka besprijekorno se integrira s va\u0161om progresivnom pre\u0161om za ponovno punjenje, dramati\u010dno pove\u0107avaju\u0107i va\u0161u brzinu proizvodnje i u\u010dinkovitost.<\/p>\n<ul>\n<li>Kompatibilan s vi\u0161e kalibara<\/li>\n<li>Jednostavan za instalaciju i pode\u0161avanje<\/li>\n<li>Precizno konstruiran za pouzdane performanse<\/li>\n<li>Smanjuje ru\u010dno rukovanje za sigurnije ponovno punjenje<\/li>\n<li>Izdr\u017eljiva konstrukcija za dugotrajnu upotrebu<\/li>\n<\/ul>\n<p>Nadogradite svoj sustav za ponovno punjenje danas i do\u017eivite razliku s Mr.Bulletfeeder Gen 2!<\/p>\n<\/div>\n","protected":false},"excerpt":{"rendered":"<p>U\u010dinkovit dodava\u010d metaka za brzo i precizno ponovno punjenje. Pove\u0107ava produktivnost.<\/p>\n","protected":false},"featured_media":29300,"template":"","meta":{"_acf_changed":false},"product_brand":[11260],"product_cat":[13565,13537],"product_tag":[],"class_list":{"0":"post-31503","1":"product","2":"type-product","3":"status-publish","4":"has-post-thumbnail","6":"product_brand-doublealpha","7":"product_cat-punjenje-metaka","8":"product_cat-strojevi-za-punjenje","10":"first","11":"instock","12":"taxable","13":"shipping-taxable","14":"purchasable","15":"product-type-variable","16":"wvs-archive-product-wrapper"},"acf":[],"_links":{"self":[{"href":"https:\/\/staging.nbg.eu\/hr\/wp-json\/wp\/v2\/product\/31503","targetHints":{"allow":["GET"]}}],"collection":[{"href":"https:\/\/staging.nbg.eu\/hr\/wp-json\/wp\/v2\/product"}],"about":[{"href":"https:\/\/staging.nbg.eu\/hr\/wp-json\/wp\/v2\/types\/product"}],"wp:featuredmedia":[{"embeddable":true,"href":"https:\/\/staging.nbg.eu\/hr\/wp-json\/wp\/v2\/media\/29300"}],"wp:attachment":[{"href":"https:\/\/staging.nbg.eu\/hr\/wp-json\/wp\/v2\/media?parent=31503"}],"wp:term":[{"taxonomy":"product_brand","embeddable":true,"href":"https:\/\/staging.nbg.eu\/hr\/wp-json\/wp\/v2\/product_brand?post=31503"},{"taxonomy":"product_cat","embeddable":true,"href":"https:\/\/staging.nbg.eu\/hr\/wp-json\/wp\/v2\/product_cat?post=31503"},{"taxonomy":"product_tag","embeddable":true,"href":"https:\/\/staging.nbg.eu\/hr\/wp-json\/wp\/v2\/product_tag?post=31503"}],"curies":[{"name":"wp","href":"https:\/\/api.w.org\/{rel}","templated":true}]}}