{"id":31415,"date":"2024-08-18T19:39:34","date_gmt":"2024-08-24T13:39:42","guid":{"rendered":"https:\/\/staging.nbg.eu\/product\/proizvod-4\/"},"modified":"2024-09-05T11:53:50","modified_gmt":"2024-09-05T11:53:50","slug":"flex-futrola-rezervni-set-bocnih-distancera","status":"publish","type":"product","link":"https:\/\/staging.nbg.eu\/hr\/proizvod\/flex-futrola-rezervni-set-bocnih-distancera\/","title":{"rendered":"Flex Futrola &#8211; Rezervni Set Bo\u010dnih Distancera"},"content":{"rendered":"<div class=\"product-description\">\n<h2>Flex Holster &#8211; Rezervni set bo\u010dnih odstojnika<\/h2>\n<p>Pobolj\u0161ajte svestranost va\u0161eg Flex Holstera s ovim rezervnim setom bo\u010dnih odstojnika iz Double Alpha Academy. Ovi precizno izra\u0111eni odstojnici omogu\u0107uju vam:<\/p>\n<ul>\n<li>Prilagodbu \u0161irine futrole za razli\u010dite modele pi\u0161tolja<\/li>\n<li>Fino pode\u0161avanje pritiska zadr\u017eavanja<\/li>\n<li>Prilagodbu va\u0161eg poteza izvla\u010denja<\/li>\n<\/ul>\n<p>Izra\u0111eni od izdr\u017eljivog polimera, ovi odstojnici osiguravaju dugotrajne performanse. Kompatibilni sa svim modelima Flex Holstera, oni su neophodni za natjecateljske strijelce i entuzijaste koji zahtijevaju maksimalnu prilagodljivost svoje opreme.<\/p>\n<p>Nadogradite svoj Flex Holster danas za optimalne performanse i svestranost!<\/p>\n<\/div>\n","protected":false},"excerpt":{"rendered":"<p>Dodatni bo\u010dni razma\u010dnici za Flex futrolu. Prilagodite pristajanje i zadr\u017eavanje.<\/p>\n","protected":false},"featured_media":29438,"template":"","meta":{"_acf_changed":false},"product_brand":[],"product_cat":[13556,13523,13561],"product_tag":[],"class_list":{"0":"post-31415","1":"product","2":"type-product","3":"status-publish","4":"has-post-thumbnail","6":"product_cat-dodaci-za-futrole","7":"product_cat-futrola","8":"product_cat-sportska-futrola","10":"first","11":"instock","12":"taxable","13":"shipping-taxable","14":"purchasable","15":"product-type-variable","16":"wvs-archive-product-wrapper"},"acf":[],"_links":{"self":[{"href":"https:\/\/staging.nbg.eu\/hr\/wp-json\/wp\/v2\/product\/31415","targetHints":{"allow":["GET"]}}],"collection":[{"href":"https:\/\/staging.nbg.eu\/hr\/wp-json\/wp\/v2\/product"}],"about":[{"href":"https:\/\/staging.nbg.eu\/hr\/wp-json\/wp\/v2\/types\/product"}],"wp:featuredmedia":[{"embeddable":true,"href":"https:\/\/staging.nbg.eu\/hr\/wp-json\/wp\/v2\/media\/29438"}],"wp:attachment":[{"href":"https:\/\/staging.nbg.eu\/hr\/wp-json\/wp\/v2\/media?parent=31415"}],"wp:term":[{"taxonomy":"product_brand","embeddable":true,"href":"https:\/\/staging.nbg.eu\/hr\/wp-json\/wp\/v2\/product_brand?post=31415"},{"taxonomy":"product_cat","embeddable":true,"href":"https:\/\/staging.nbg.eu\/hr\/wp-json\/wp\/v2\/product_cat?post=31415"},{"taxonomy":"product_tag","embeddable":true,"href":"https:\/\/staging.nbg.eu\/hr\/wp-json\/wp\/v2\/product_tag?post=31415"}],"curies":[{"name":"wp","href":"https:\/\/api.w.org\/{rel}","templated":true}]}}