{"id":31139,"date":"2024-08-18T19:46:48","date_gmt":"2024-08-24T13:33:11","guid":{"rendered":"https:\/\/staging.nbg.eu\/product\/flex-holster-right-hand-color-inlays\/"},"modified":"2025-01-29T09:09:52","modified_gmt":"2025-01-29T09:09:52","slug":"flex-futrola-ukrasni-ulosci-u-boji","status":"publish","type":"product","link":"https:\/\/staging.nbg.eu\/hr\/proizvod\/flex-futrola-ukrasni-ulosci-u-boji\/","title":{"rendered":"Flex Futrola Ukrasni Ulo\u0161ci U Boji"},"content":{"rendered":"<div class=\"product-description\">\n<h2>Umetci u boji za Flex futrolu<\/h2>\n<p>Prilagodite svoju Flex futrolu ovim plasti\u010dnim logotip umetcima izrezanim laserom. Dostupni su u razli\u010ditim bojama i dodaju osobni dodir va\u0161oj futroli.<\/p>\n<ul>\n<li>Jednostavna ugradnja pomo\u0107u 3M ljepljive trake<\/li>\n<li>Mogu se ukloniti za zamjenu boje (mogu\u0107e o\u0161te\u0107enje prilikom uklanjanja)<\/li>\n<li>Uklju\u010dena prozirna za\u0161titna folija (mo\u017ee se ukloniti za bolji izgled)<\/li>\n<\/ul>\n<p>Odaberite iz na\u0161eg izbora boja:<\/p>\n<ul class=\"color-options\">\n<li>Crna<\/li>\n<li>Plava<\/li>\n<li>Bakrena<\/li>\n<li>Zlatna<\/li>\n<li>Naran\u010dasta<\/li>\n<li>Crvena<\/li>\n<li>Srebrna<\/li>\n<li>\u017duta<\/li>\n<\/ul>\n<p>Pobolj\u0161ajte izgled svoje Flex futrole ovim umetcima u boji.<\/p>\n<\/div>\n","protected":false},"excerpt":{"rendered":"<p>Prilagodljive umetci u boji za Flex Holster: jednostavna ugradnja, mogu se ukloniti.<\/p>\n","protected":false},"featured_media":29691,"template":"","meta":{"_acf_changed":false},"product_brand":[],"product_cat":[13556,13523,13561],"product_tag":[],"class_list":{"0":"post-31139","1":"product","2":"type-product","3":"status-publish","4":"has-post-thumbnail","6":"product_cat-dodaci-za-futrole","7":"product_cat-futrola","8":"product_cat-sportska-futrola","10":"first","11":"instock","12":"taxable","13":"shipping-taxable","14":"purchasable","15":"product-type-variable","16":"wvs-archive-product-wrapper"},"acf":[],"_links":{"self":[{"href":"https:\/\/staging.nbg.eu\/hr\/wp-json\/wp\/v2\/product\/31139","targetHints":{"allow":["GET"]}}],"collection":[{"href":"https:\/\/staging.nbg.eu\/hr\/wp-json\/wp\/v2\/product"}],"about":[{"href":"https:\/\/staging.nbg.eu\/hr\/wp-json\/wp\/v2\/types\/product"}],"wp:featuredmedia":[{"embeddable":true,"href":"https:\/\/staging.nbg.eu\/hr\/wp-json\/wp\/v2\/media\/29691"}],"wp:attachment":[{"href":"https:\/\/staging.nbg.eu\/hr\/wp-json\/wp\/v2\/media?parent=31139"}],"wp:term":[{"taxonomy":"product_brand","embeddable":true,"href":"https:\/\/staging.nbg.eu\/hr\/wp-json\/wp\/v2\/product_brand?post=31139"},{"taxonomy":"product_cat","embeddable":true,"href":"https:\/\/staging.nbg.eu\/hr\/wp-json\/wp\/v2\/product_cat?post=31139"},{"taxonomy":"product_tag","embeddable":true,"href":"https:\/\/staging.nbg.eu\/hr\/wp-json\/wp\/v2\/product_tag?post=31139"}],"curies":[{"name":"wp","href":"https:\/\/api.w.org\/{rel}","templated":true}]}}