{"id":31040,"date":"2024-08-19T17:23:05","date_gmt":"2024-08-24T13:28:15","guid":{"rendered":"https:\/\/staging.nbg.eu\/product\/admin-dapper-pouch\/"},"modified":"2024-09-02T13:28:49","modified_gmt":"2024-09-02T13:28:49","slug":"admin-dapper-torbica","status":"publish","type":"product","link":"https:\/\/staging.nbg.eu\/hr\/proizvod\/admin-dapper-torbica\/","title":{"rendered":"Admin Dapper Torbica"},"content":{"rendered":"<div class=\"product-description\">\n<h2>BlueForceGear Admin Dapper torbica<\/h2>\n<p>Organizirajte svoje osnovne stvari s vi\u0161enamjenskom Admin Dapper torbicom od BlueForceGeara. Ova kompaktna, lagana torbica sadr\u017ei:<\/p>\n<ul>\n<li>Izdr\u017eljivu konstrukciju od 500D Cordure<\/li>\n<li>Vi\u0161e unutarnjih d\u017eepova za u\u010dinkovito spremanje<\/li>\n<li>Elasti\u010dne petlje za sigurno dr\u017eanje predmeta<\/li>\n<li>YKK patentni zatvara\u010d za brzi pristup<\/li>\n<\/ul>\n<p>Savr\u0161ena za vojsku, policiju ili svakodnevno no\u0161enje, Admin Dapper torbica odr\u017eava va\u0161u opremu organiziranom i dostupnom. Dostupna u vi\u0161e boja kako bi odgovarala va\u0161oj opremi ili preferencijama.<\/p>\n<\/div>\n","protected":false},"excerpt":{"rendered":"<p>Kompaktna, vi\u0161enamjenska administrativna torbica za svakodnevne potrep\u0161tine. Izdr\u017eljiva i elegantna.<\/p>\n","protected":false},"featured_media":22401,"template":"","meta":{"_acf_changed":false},"product_brand":[11122],"product_cat":[13536,13527],"product_tag":[],"class_list":{"0":"post-31040","1":"product","2":"type-product","3":"status-publish","4":"has-post-thumbnail","6":"product_brand-blue-force-gear","7":"product_cat-oprema","8":"product_cat-torbice","10":"first","11":"instock","12":"taxable","13":"shipping-taxable","14":"purchasable","15":"product-type-simple"},"acf":[],"_links":{"self":[{"href":"https:\/\/staging.nbg.eu\/hr\/wp-json\/wp\/v2\/product\/31040","targetHints":{"allow":["GET"]}}],"collection":[{"href":"https:\/\/staging.nbg.eu\/hr\/wp-json\/wp\/v2\/product"}],"about":[{"href":"https:\/\/staging.nbg.eu\/hr\/wp-json\/wp\/v2\/types\/product"}],"wp:featuredmedia":[{"embeddable":true,"href":"https:\/\/staging.nbg.eu\/hr\/wp-json\/wp\/v2\/media\/22401"}],"wp:attachment":[{"href":"https:\/\/staging.nbg.eu\/hr\/wp-json\/wp\/v2\/media?parent=31040"}],"wp:term":[{"taxonomy":"product_brand","embeddable":true,"href":"https:\/\/staging.nbg.eu\/hr\/wp-json\/wp\/v2\/product_brand?post=31040"},{"taxonomy":"product_cat","embeddable":true,"href":"https:\/\/staging.nbg.eu\/hr\/wp-json\/wp\/v2\/product_cat?post=31040"},{"taxonomy":"product_tag","embeddable":true,"href":"https:\/\/staging.nbg.eu\/hr\/wp-json\/wp\/v2\/product_tag?post=31040"}],"curies":[{"name":"wp","href":"https:\/\/api.w.org\/{rel}","templated":true}]}}