{"id":30955,"date":"2024-08-18T19:55:34","date_gmt":"2024-08-24T13:23:07","guid":{"rendered":"https:\/\/staging.nbg.eu\/product\/proizvod-3\/"},"modified":"2024-08-24T13:25:56","modified_gmt":"2024-08-24T13:25:56","slug":"sordin-supreme-pro-x-zastita-sluha","status":"publish","type":"product","link":"https:\/\/staging.nbg.eu\/hr\/proizvod\/sordin-supreme-pro-x-zastita-sluha\/","title":{"rendered":"Sordin Supreme-Pro X Za\u0161tita Sluha"},"content":{"rendered":"<div class=\"product-description\">\n<h2>Sordin Supreme-Pro X za\u0161tita sluha<\/h2>\n<p>Do\u017eivite vrhunsku za\u0161titu sluha sa Sordin Supreme-Pro X. Ove napredne slu\u0161alice nude:<\/p>\n<ul>\n<li>Aktivno poni\u0161tavanje buke za optimalnu sigurnost<\/li>\n<li>Poja\u010danje ambijentalnog zvuka za situacijsku svijest<\/li>\n<li>Vodootporan dizajn za upotrebu u svim vremenskim uvjetima<\/li>\n<li>Udobno, ergonomsko pristajanje za dugotrajno no\u0161enje<\/li>\n<li>Tanki profil za besprijekorno integriranje s ostalom opremom<\/li>\n<\/ul>\n<p>Savr\u0161ene za strelja\u0161tvo, lov ili industrijske primjene, Supreme-Pro X pru\u017ea nenadma\u0161nu za\u0161titu sluha bez kompromitiranja komunikacije ili svijesti o okolini. Za\u0161titite svoj sluh Sordinovom najsuvremenijom tehnologijom.<\/p>\n<\/div>\n","protected":false},"excerpt":{"rendered":"<p>Sordin Supreme-Pro X: Elitna za\u0161tita za u\u0161i s kristalno jasnim zvukom.<\/p>\n","protected":false},"featured_media":30266,"template":"","meta":{"_acf_changed":false},"product_brand":[],"product_cat":[13585,13536,13531],"product_tag":[],"class_list":{"0":"post-30955","1":"product","2":"type-product","3":"status-publish","4":"has-post-thumbnail","6":"product_cat-nekategorizirano","7":"product_cat-oprema","8":"product_cat-zastita-za-usi","10":"first","11":"instock","12":"taxable","13":"shipping-taxable","14":"purchasable","15":"product-type-variable","16":"wvs-archive-product-wrapper"},"acf":[],"_links":{"self":[{"href":"https:\/\/staging.nbg.eu\/hr\/wp-json\/wp\/v2\/product\/30955","targetHints":{"allow":["GET"]}}],"collection":[{"href":"https:\/\/staging.nbg.eu\/hr\/wp-json\/wp\/v2\/product"}],"about":[{"href":"https:\/\/staging.nbg.eu\/hr\/wp-json\/wp\/v2\/types\/product"}],"wp:featuredmedia":[{"embeddable":true,"href":"https:\/\/staging.nbg.eu\/hr\/wp-json\/wp\/v2\/media\/30266"}],"wp:attachment":[{"href":"https:\/\/staging.nbg.eu\/hr\/wp-json\/wp\/v2\/media?parent=30955"}],"wp:term":[{"taxonomy":"product_brand","embeddable":true,"href":"https:\/\/staging.nbg.eu\/hr\/wp-json\/wp\/v2\/product_brand?post=30955"},{"taxonomy":"product_cat","embeddable":true,"href":"https:\/\/staging.nbg.eu\/hr\/wp-json\/wp\/v2\/product_cat?post=30955"},{"taxonomy":"product_tag","embeddable":true,"href":"https:\/\/staging.nbg.eu\/hr\/wp-json\/wp\/v2\/product_tag?post=30955"}],"curies":[{"name":"wp","href":"https:\/\/api.w.org\/{rel}","templated":true}]}}