{"id":290555,"date":"2025-03-02T07:15:36","date_gmt":"2025-03-02T07:15:36","guid":{"rendered":"https:\/\/staging.nbg.eu\/prodcut\/two-vets-tripod-with-area-419-arcalock-dual-clamp-the-qdt-v2-ls-i\/"},"modified":"2025-03-27T10:49:10","modified_gmt":"2025-03-27T10:49:10","slug":"two-vets-stativ-s-area-419-arcalock-dvostrukom-stezaljkom-qdt-v2-ls-i","status":"publish","type":"product","link":"https:\/\/staging.nbg.eu\/hr\/proizvod\/two-vets-stativ-s-area-419-arcalock-dvostrukom-stezaljkom-qdt-v2-ls-i\/","title":{"rendered":"Two Vets Stativ s Area 419 ARCALOCK Dvostrukom Stezaljkom &#8211; QDT V2 LS I"},"content":{"rendered":"<h2>Two Vets trono\u017eac s Area 419 ARCALOCK dvostrukom stezaljkom &#8211; QDT V2 LS I<\/h2>\n<p>GripChanger je novi dodatak na\u0161oj liniji dodataka za pucanje. Ova kompaktna torba od 0,45 kg je pogodna za brzo postavljanje pozicije i kori\u0161tenje u malim otvorima. Njen \u010dvrst dizajn s gustom ispunom omogu\u0107uje prianjanje na bilo koju povr\u0161inu, pru\u017eaju\u0107i stabilnu platformu kada vam je najpotrebnija.<\/p>\n<h2>Komplet uklju\u010duje:<\/h2>\n<ul>\n<li>1 prilago\u0111enu Area 419 GripChanger torbu<\/li>\n<li>1 ARCALOCK stezaljku<\/li>\n<li>1 Area 419 Rail Changer ruku<\/li>\n<\/ul>\n<p><strong>Dimenzije:<\/strong> 25,4 cm \u00d7 7,6 cm \u00d7 5,1 cm<br \/>\n<strong>Proizvo\u0111a\u010d:<\/strong> Armageddon Gear<\/p>\n<p>GripChanger komplet je svestran i pouzdan dodatak za pucanje.<\/p>\n","protected":false},"excerpt":{"rendered":"<p>Svestrani trono\u017eac s dvostrukom stezaljkom za brze i stabilne pozicije snimanja.<\/p>\n","protected":false},"featured_media":233719,"template":"","meta":{"_acf_changed":false},"product_brand":[11030],"product_cat":[13562,13569],"product_tag":[],"class_list":{"0":"post-290555","1":"product","2":"type-product","3":"status-publish","4":"has-post-thumbnail","6":"product_brand-area-419","7":"product_cat-dvonosci","8":"product_cat-puska","10":"first","11":"instock","12":"taxable","13":"shipping-taxable","14":"purchasable","15":"product-type-simple"},"acf":[],"_links":{"self":[{"href":"https:\/\/staging.nbg.eu\/hr\/wp-json\/wp\/v2\/product\/290555","targetHints":{"allow":["GET"]}}],"collection":[{"href":"https:\/\/staging.nbg.eu\/hr\/wp-json\/wp\/v2\/product"}],"about":[{"href":"https:\/\/staging.nbg.eu\/hr\/wp-json\/wp\/v2\/types\/product"}],"wp:featuredmedia":[{"embeddable":true,"href":"https:\/\/staging.nbg.eu\/hr\/wp-json\/wp\/v2\/media\/233719"}],"wp:attachment":[{"href":"https:\/\/staging.nbg.eu\/hr\/wp-json\/wp\/v2\/media?parent=290555"}],"wp:term":[{"taxonomy":"product_brand","embeddable":true,"href":"https:\/\/staging.nbg.eu\/hr\/wp-json\/wp\/v2\/product_brand?post=290555"},{"taxonomy":"product_cat","embeddable":true,"href":"https:\/\/staging.nbg.eu\/hr\/wp-json\/wp\/v2\/product_cat?post=290555"},{"taxonomy":"product_tag","embeddable":true,"href":"https:\/\/staging.nbg.eu\/hr\/wp-json\/wp\/v2\/product_tag?post=290555"}],"curies":[{"name":"wp","href":"https:\/\/api.w.org\/{rel}","templated":true}]}}