{"id":290446,"date":"2025-03-02T06:50:24","date_gmt":"2025-03-27T10:27:22","guid":{"rendered":"https:\/\/staging.nbg.eu\/prodcut\/area-419-railchanger-shmedium-from-armageddon-gear\/"},"modified":"2025-03-27T10:29:39","modified_gmt":"2025-03-27T10:29:39","slug":"area-419-railchanger-shmedium-od-armageddon-gear","status":"publish","type":"product","link":"https:\/\/staging.nbg.eu\/hr\/proizvod\/area-419-railchanger-shmedium-od-armageddon-gear\/","title":{"rendered":"Area 419 &#8211; RailChanger Shmedium od Armageddon Gear"},"content":{"rendered":"<h2>Area 419 &#8211; RailChanger Shmedium<\/h2>\n<h2>od Armageddon Gear<\/h2>\n<p>RailChanger Shmedium je vre\u0107a za pucanje. Ova vre\u0107a ima optimalnu veli\u010dinu i gustu ispunu, \u0161to je \u010dini korisnom za sesije na streli\u0161tu.<\/p>\n<ul>\n<li><strong>Dizajn:<\/strong> Ima laserski izrezane plo\u010de na vrhu i sa strane za pri\u010dvr\u0161\u0107ivanje na RCX<\/li>\n<li><strong>Veli\u010dina:<\/strong> Dimenzije su 20,3 \u00d7 15,2 \u00d7 15,2 cm<\/li>\n<li><strong>Te\u017eina:<\/strong> Te\u017ei 3,2 kg<\/li>\n<li><strong>Kvaliteta:<\/strong> Proizvodi Armageddon Gear<\/li>\n<\/ul>\n<p>RailChanger Shmedium je vre\u0107a koju nosimo na streli\u0161te. Ova vre\u0107a kombinira funkcionalnost i dizajn.<\/p>\n","protected":false},"excerpt":{"rendered":"<p>Kompaktan, gusto napunjen GameChanger za RCX. Savr\u0161en pratitelj na streljani.<\/p>\n","protected":false},"featured_media":233487,"template":"","meta":{"_acf_changed":false},"product_brand":[11030],"product_cat":[13569,390],"product_tag":[],"class_list":{"0":"post-290446","1":"product","2":"type-product","3":"status-publish","4":"has-post-thumbnail","6":"product_brand-area-419","7":"product_cat-puska","8":"product_cat-aiming","10":"first","11":"instock","12":"taxable","13":"shipping-taxable","14":"purchasable","15":"product-type-simple"},"acf":[],"_links":{"self":[{"href":"https:\/\/staging.nbg.eu\/hr\/wp-json\/wp\/v2\/product\/290446","targetHints":{"allow":["GET"]}}],"collection":[{"href":"https:\/\/staging.nbg.eu\/hr\/wp-json\/wp\/v2\/product"}],"about":[{"href":"https:\/\/staging.nbg.eu\/hr\/wp-json\/wp\/v2\/types\/product"}],"wp:featuredmedia":[{"embeddable":true,"href":"https:\/\/staging.nbg.eu\/hr\/wp-json\/wp\/v2\/media\/233487"}],"wp:attachment":[{"href":"https:\/\/staging.nbg.eu\/hr\/wp-json\/wp\/v2\/media?parent=290446"}],"wp:term":[{"taxonomy":"product_brand","embeddable":true,"href":"https:\/\/staging.nbg.eu\/hr\/wp-json\/wp\/v2\/product_brand?post=290446"},{"taxonomy":"product_cat","embeddable":true,"href":"https:\/\/staging.nbg.eu\/hr\/wp-json\/wp\/v2\/product_cat?post=290446"},{"taxonomy":"product_tag","embeddable":true,"href":"https:\/\/staging.nbg.eu\/hr\/wp-json\/wp\/v2\/product_tag?post=290446"}],"curies":[{"name":"wp","href":"https:\/\/api.w.org\/{rel}","templated":true}]}}