{"id":290308,"date":"2025-03-02T06:33:52","date_gmt":"2025-03-27T10:01:56","guid":{"rendered":"https:\/\/staging.nbg.eu\/prodcut\/area-419-railchanger-og-bag\/"},"modified":"2025-03-27T10:04:18","modified_gmt":"2025-03-27T10:04:18","slug":"area-419-railchanger-og-torba","status":"publish","type":"product","link":"https:\/\/staging.nbg.eu\/hr\/proizvod\/area-419-railchanger-og-torba\/","title":{"rendered":"Area 419 &#8211; RailChanger OG Torba"},"content":{"rendered":"<h2>Area 419 &#8211; RailChanger OG torba<\/h2>\n<p>RailChanger OG od Armageddon Gear je torba za RCX sustav. Ova OG GameChanger torba pune veli\u010dine ima laserski izrezane plo\u010de na vrhu i sa strane, \u0161to omogu\u0107uje integraciju s RCX postavom.<\/p>\n<h2>Glavne zna\u010dajke:<\/h2>\n<ul>\n<li>Dizajnirana za RCX sustav<\/li>\n<li>Laserski izrezane plo\u010de za pri\u010dvr\u0161\u0107ivanje<\/li>\n<li>OG GameChanger dizajn pune veli\u010dine<\/li>\n<li>Izdr\u017eljiva konstrukcija<\/li>\n<\/ul>\n<h2>Specifikacije:<\/h2>\n<ul>\n<li>Te\u017eina: 3,18 kg<\/li>\n<li>Dimenzije: 25,4 \u00d7 17,8 \u00d7 15,2 cm<\/li>\n<li>Dostupne boje: Crna, Be\u017e<\/li>\n<\/ul>\n<p>RailChanger OG je torba osmi\u0161ljena za RCX sustav.<\/p>\n","protected":false},"excerpt":{"rendered":"<p>Prilago\u0111ena GameChanger torba za RCX: laserski izrezane plo\u010de, puna veli\u010dina, svestrana.<\/p>\n","protected":false},"featured_media":233462,"template":"","meta":{"_acf_changed":false},"product_brand":[11030],"product_cat":[13569],"product_tag":[],"class_list":{"0":"post-290308","1":"product","2":"type-product","3":"status-publish","4":"has-post-thumbnail","6":"product_brand-area-419","7":"product_cat-puska","9":"first","10":"outofstock","11":"taxable","12":"shipping-taxable","13":"purchasable","14":"product-type-variable","15":"wvs-archive-product-wrapper"},"acf":[],"_links":{"self":[{"href":"https:\/\/staging.nbg.eu\/hr\/wp-json\/wp\/v2\/product\/290308","targetHints":{"allow":["GET"]}}],"collection":[{"href":"https:\/\/staging.nbg.eu\/hr\/wp-json\/wp\/v2\/product"}],"about":[{"href":"https:\/\/staging.nbg.eu\/hr\/wp-json\/wp\/v2\/types\/product"}],"wp:featuredmedia":[{"embeddable":true,"href":"https:\/\/staging.nbg.eu\/hr\/wp-json\/wp\/v2\/media\/233462"}],"wp:attachment":[{"href":"https:\/\/staging.nbg.eu\/hr\/wp-json\/wp\/v2\/media?parent=290308"}],"wp:term":[{"taxonomy":"product_brand","embeddable":true,"href":"https:\/\/staging.nbg.eu\/hr\/wp-json\/wp\/v2\/product_brand?post=290308"},{"taxonomy":"product_cat","embeddable":true,"href":"https:\/\/staging.nbg.eu\/hr\/wp-json\/wp\/v2\/product_cat?post=290308"},{"taxonomy":"product_tag","embeddable":true,"href":"https:\/\/staging.nbg.eu\/hr\/wp-json\/wp\/v2\/product_tag?post=290308"}],"curies":[{"name":"wp","href":"https:\/\/api.w.org\/{rel}","templated":true}]}}