{"id":289984,"date":"2025-03-06T10:55:57","date_gmt":"2025-03-06T10:55:57","guid":{"rendered":"https:\/\/staging.nbg.eu\/prodcut\/surefire-xr1-a-weapon-light\/"},"modified":"2025-03-26T21:49:31","modified_gmt":"2025-03-26T21:49:31","slug":"surefire-xr1-a-oruzna-lampa","status":"publish","type":"product","link":"https:\/\/staging.nbg.eu\/hr\/proizvod\/surefire-xr1-a-oruzna-lampa\/","title":{"rendered":"SureFire XR1-A Oru\u017ena Lampa"},"content":{"rendered":"<div class=\"product-description\">\n<h2>SureFire XR1-A Svjetlo za oru\u017eje<\/h2>\n<p>SureFire XR1-A je punjivo svjetlo za oru\u017eje namijenjeno korisnicima skrivenog no\u0161enja. Ovaj kompaktni ure\u0111aj proizvodi 800 lumena bijelog svjetla, prikladan za srednje velike pi\u0161tolje za skriveno no\u0161enje.<\/p>\n<h2>Glavne zna\u010dajke:<\/h2>\n<ul>\n<li>Dvije LED diode otporne na trzaj s izlazom od 800 lumena<\/li>\n<li>Hibridni uzorak snopa za identifikaciju i svijest o situaciji<\/li>\n<li>Brzo odvojiva, punjiva litij-polimerna baterija<\/li>\n<li>Lagani, kompaktni dizajn (75 g)<\/li>\n<li>Mil-Spec tvrdo anodizirano aluminijsko ku\u0107i\u0161te<\/li>\n<li>Sigurno montiranje na \u0161inu u \u010detiri to\u010dke<\/li>\n<li>Obostrani prekida\u010d za trenutno i stalno uklju\u010divanje<\/li>\n<li>Indikator napunjenosti baterije<\/li>\n<\/ul>\n<h2>Performanse:<\/h2>\n<ul>\n<li>Vr\u0161ni intenzitet snopa: 16.000 kandela<\/li>\n<li>Vrijeme rada: 40 minuta na visokoj postavci<\/li>\n<li>Domet snopa: 250 metara<\/li>\n<\/ul>\n<p>XR1-A koristi paraboli\u010dnu reflektorsku tehnologiju za glatki, zaobljeni snop. Sustav brzo odvojive baterije omogu\u0107uje jednostavno punjenje bez uklanjanja svjetla s oru\u017eja.<\/p>\n<p>SureFire XR1-A je ultra-kompaktno svjetlo za oru\u017eje koje kombinira snagu, izdr\u017eljivost i prakti\u010dnost za korisnike koji trebaju mogu\u0107nosti osvjetljenja u uvjetima slabog svjetla bez kompromisa u skrivanju i rukovanju oru\u017ejem.<\/p>\n<\/div>\n","protected":false},"excerpt":{"rendered":"<p>SureFire XR1-A: punjiva oru\u017ena svjetiljka za pi\u0161tolje s 800 lumena.<\/p>\n","protected":false},"featured_media":241803,"template":"","meta":{"_acf_changed":false},"product_brand":[11859],"product_cat":[13526,13553,13560],"product_tag":[],"class_list":{"0":"post-289984","1":"product","2":"type-product","3":"status-publish","4":"has-post-thumbnail","6":"product_brand-surefire","7":"product_cat-pistolj","8":"product_cat-pistoljska-svjetla","9":"product_cat-svjetla","11":"first","12":"instock","13":"taxable","14":"shipping-taxable","15":"purchasable","16":"product-type-simple"},"acf":[],"_links":{"self":[{"href":"https:\/\/staging.nbg.eu\/hr\/wp-json\/wp\/v2\/product\/289984","targetHints":{"allow":["GET"]}}],"collection":[{"href":"https:\/\/staging.nbg.eu\/hr\/wp-json\/wp\/v2\/product"}],"about":[{"href":"https:\/\/staging.nbg.eu\/hr\/wp-json\/wp\/v2\/types\/product"}],"wp:featuredmedia":[{"embeddable":true,"href":"https:\/\/staging.nbg.eu\/hr\/wp-json\/wp\/v2\/media\/241803"}],"wp:attachment":[{"href":"https:\/\/staging.nbg.eu\/hr\/wp-json\/wp\/v2\/media?parent=289984"}],"wp:term":[{"taxonomy":"product_brand","embeddable":true,"href":"https:\/\/staging.nbg.eu\/hr\/wp-json\/wp\/v2\/product_brand?post=289984"},{"taxonomy":"product_cat","embeddable":true,"href":"https:\/\/staging.nbg.eu\/hr\/wp-json\/wp\/v2\/product_cat?post=289984"},{"taxonomy":"product_tag","embeddable":true,"href":"https:\/\/staging.nbg.eu\/hr\/wp-json\/wp\/v2\/product_tag?post=289984"}],"curies":[{"name":"wp","href":"https:\/\/api.w.org\/{rel}","templated":true}]}}