{"id":289872,"date":"2025-03-01T16:08:15","date_gmt":"2025-03-26T21:39:51","guid":{"rendered":"https:\/\/staging.nbg.eu\/prodcut\/area-419-arcalock-barricade-stop\/"},"modified":"2025-03-26T21:42:12","modified_gmt":"2025-03-26T21:42:12","slug":"area-419-arcalock-barikadni-granicnik","status":"publish","type":"product","link":"https:\/\/staging.nbg.eu\/hr\/proizvod\/area-419-arcalock-barikadni-granicnik\/","title":{"rendered":"Area 419 &#8211; ARCALOCK Barikadni Grani\u010dnik"},"content":{"rendered":"<h2>Area 419 &#8211; ARCALOCK Grani\u010dnik za barikadu<\/h2>\n<p>Nadogradite svoj ARCALOCK sustav s ovim dodatnim grani\u010dnikom za barikadu, dizajniranim za stabilnost i preciznost.<\/p>\n<h2>Glavne zna\u010dajke:<\/h2>\n<ul>\n<li>Kompatibilan uzorak vijaka s Atlas dvono\u0161\u010dem<\/li>\n<li>Svestrana instalacija: postavite izme\u0111u stezaljke i dvono\u0161ca ili koristite samostalno<\/li>\n<li>Prednji zubi za bolji prihvat na barikadi<\/li>\n<li>Precizno izra\u0111en od izdr\u017eljivog 6061-T6 aluminija<\/li>\n<li>Lagan, te\u017ei samo 0,23 kg<\/li>\n<li>Kompaktne dimenzije: 15,24 cm \u00d7 8,89 cm \u00d7 5,08 cm<\/li>\n<\/ul>\n<p><strong>Napomena:<\/strong> Samo grani\u010dnik za barikadu; stezaljka i dvono\u017eac nisu uklju\u010deni. Nije kompatibilan s Harris dvono\u0161\u010dem bez na\u0161eg produ\u017eetka.<\/p>\n<p>Area 419 ARCALOCK grani\u010dnik za barikadu je dodatak za stabilnost u razli\u010ditim okru\u017eenjima.<\/p>\n","protected":false},"excerpt":{"rendered":"<p>Area 419 ARCALOCK zaustavna barikada: Sigurno upori\u0161te za precizno pucanje.<\/p>\n","protected":false},"featured_media":233032,"template":"","meta":{"_acf_changed":false},"product_brand":[11030],"product_cat":[13569,13518,13540,13517],"product_tag":[],"class_list":{"0":"post-289872","1":"product","2":"type-product","3":"status-publish","4":"has-post-thumbnail","6":"product_brand-area-419","7":"product_cat-puska","8":"product_cat-rifle-tuning","9":"product_cat-rucke-za-pusku","10":"product_cat-tracnice","12":"first","13":"instock","14":"taxable","15":"shipping-taxable","16":"purchasable","17":"product-type-simple"},"acf":[],"_links":{"self":[{"href":"https:\/\/staging.nbg.eu\/hr\/wp-json\/wp\/v2\/product\/289872","targetHints":{"allow":["GET"]}}],"collection":[{"href":"https:\/\/staging.nbg.eu\/hr\/wp-json\/wp\/v2\/product"}],"about":[{"href":"https:\/\/staging.nbg.eu\/hr\/wp-json\/wp\/v2\/types\/product"}],"wp:featuredmedia":[{"embeddable":true,"href":"https:\/\/staging.nbg.eu\/hr\/wp-json\/wp\/v2\/media\/233032"}],"wp:attachment":[{"href":"https:\/\/staging.nbg.eu\/hr\/wp-json\/wp\/v2\/media?parent=289872"}],"wp:term":[{"taxonomy":"product_brand","embeddable":true,"href":"https:\/\/staging.nbg.eu\/hr\/wp-json\/wp\/v2\/product_brand?post=289872"},{"taxonomy":"product_cat","embeddable":true,"href":"https:\/\/staging.nbg.eu\/hr\/wp-json\/wp\/v2\/product_cat?post=289872"},{"taxonomy":"product_tag","embeddable":true,"href":"https:\/\/staging.nbg.eu\/hr\/wp-json\/wp\/v2\/product_tag?post=289872"}],"curies":[{"name":"wp","href":"https:\/\/api.w.org\/{rel}","templated":true}]}}