{"id":289733,"date":"2025-03-01T16:03:10","date_gmt":"2025-03-26T21:34:46","guid":{"rendered":"https:\/\/staging.nbg.eu\/prodcut\/area-419-arcalock-8-universal-dovetail-rail\/"},"modified":"2025-03-26T21:37:07","modified_gmt":"2025-03-26T21:37:07","slug":"area-419-arcalock-8-univerzalna-tracnicka-sina","status":"publish","type":"product","link":"https:\/\/staging.nbg.eu\/hr\/proizvod\/area-419-arcalock-8-univerzalna-tracnicka-sina\/","title":{"rendered":"Area 419 &#8211; ARCALOCK 8&#8243; Univerzalna Tra\u010dni\u010dka \u0160ina"},"content":{"rendered":"<div class=\"product-description\">\n<h2>Area 419 &#8211; ARCALOCK 8&#8243; Univerzalna Lastin Rep \u0160ina<\/h2>\n<p>ARCALOCK 8&#8243; Univerzalna Lastin Rep \u0160ina od Area 419 ima sljede\u0107e zna\u010dajke:<\/p>\n<ul>\n<li>Nazubljene strane za mehani\u010dko zaklju\u010davanje s Area 419 stezaljkama<\/li>\n<li>Kompatibilnost sa standardnim ARCA dodacima<\/li>\n<li>Duljina od 8&#8243; za potpuno pokrivanje prednjeg dijela<\/li>\n<li>Lagani dizajn te\u017eine samo 85 grama<\/li>\n<li>Uskla\u0111enost s RRS 1.5&#8243; Lastin Rep standardom<\/li>\n<li>Zaobljeni rubovi<\/li>\n<li>Tip 3 tvrdo anodizirani zavr\u0161ni sloj<\/li>\n<li>Proizvedeno u SAD-u od 6061-T6 aluminija<\/li>\n<\/ul>\n<p>ARCALOCK sustav \u0161ina dizajniran je za pobolj\u0161anje performansi pucanja.<\/p>\n<\/div>\n","protected":false},"excerpt":{"rendered":"<p>Area 419 ARCALOCK: 8&#8243; zaklju\u010davaju\u0107a \u0161ina s lastinim repom za precizne pu\u0161ke.<\/p>\n","protected":false},"featured_media":232882,"template":"","meta":{"_acf_changed":false},"product_brand":[11030],"product_cat":[13569,13517,390],"product_tag":[],"class_list":{"0":"post-289733","1":"product","2":"type-product","3":"status-publish","4":"has-post-thumbnail","6":"product_brand-area-419","7":"product_cat-puska","8":"product_cat-tracnice","9":"product_cat-aiming","11":"first","12":"instock","13":"taxable","14":"shipping-taxable","15":"purchasable","16":"product-type-simple"},"acf":[],"_links":{"self":[{"href":"https:\/\/staging.nbg.eu\/hr\/wp-json\/wp\/v2\/product\/289733","targetHints":{"allow":["GET"]}}],"collection":[{"href":"https:\/\/staging.nbg.eu\/hr\/wp-json\/wp\/v2\/product"}],"about":[{"href":"https:\/\/staging.nbg.eu\/hr\/wp-json\/wp\/v2\/types\/product"}],"wp:featuredmedia":[{"embeddable":true,"href":"https:\/\/staging.nbg.eu\/hr\/wp-json\/wp\/v2\/media\/232882"}],"wp:attachment":[{"href":"https:\/\/staging.nbg.eu\/hr\/wp-json\/wp\/v2\/media?parent=289733"}],"wp:term":[{"taxonomy":"product_brand","embeddable":true,"href":"https:\/\/staging.nbg.eu\/hr\/wp-json\/wp\/v2\/product_brand?post=289733"},{"taxonomy":"product_cat","embeddable":true,"href":"https:\/\/staging.nbg.eu\/hr\/wp-json\/wp\/v2\/product_cat?post=289733"},{"taxonomy":"product_tag","embeddable":true,"href":"https:\/\/staging.nbg.eu\/hr\/wp-json\/wp\/v2\/product_tag?post=289733"}],"curies":[{"name":"wp","href":"https:\/\/api.w.org\/{rel}","templated":true}]}}