{"id":289637,"date":"2025-03-01T15:55:52","date_gmt":"2025-03-26T21:31:26","guid":{"rendered":"https:\/\/staging.nbg.eu\/prodcut\/area-419-arcalock-4-25-universal-dovetail-rail\/"},"modified":"2025-03-26T21:33:51","modified_gmt":"2025-03-26T21:33:51","slug":"area-419-arcalock-425-univerzalna-tracnicka-sina","status":"publish","type":"product","link":"https:\/\/staging.nbg.eu\/hr\/proizvod\/area-419-arcalock-425-univerzalna-tracnicka-sina\/","title":{"rendered":"Area 419 &#8211; ARCALOCK 4.25&#8243; Univerzalna Tra\u010dni\u010dka \u0160ina"},"content":{"rendered":"<h2>Area 419 &#8211; ARCALOCK 4,25&#8243; Univerzalna Lastin Rep \u0160ina<\/h2>\n<p>Area 419 ARCALOCK 4,25&#8243; Univerzalna Lastin Rep \u0160ina izra\u0111ena je od 6061 aluminija, \u0161to osigurava dugotrajnost i pouzdanost.<\/p>\n<h2>Glavne zna\u010dajke:<\/h2>\n<ul>\n<li>Materijal: 6061 aluminij<\/li>\n<li>Zavr\u0161na obrada: Crna tvrda anodizacija<\/li>\n<li>Duljina: 4,25 in\u010da<\/li>\n<li>Univerzalni lastin rep dizajn za svestranu kompatibilnost<\/li>\n<li>Precizno strojna obrada<\/li>\n<\/ul>\n<h2>Specifikacije proizvoda:<\/h2>\n<ul>\n<li>Te\u017eina: 0,45 kg<\/li>\n<li>Dimenzije: 20,32 \u00d7 10,16 \u00d7 2,54 cm<\/li>\n<li>Proizvo\u0111a\u010d: Area 419<\/li>\n<\/ul>\n<p>Ova ARCALOCK \u0161ina pru\u017ea stabilnu platformu za montiranje razli\u010ditih dodataka. Pogodna je za natjecateljske strijelce i entuzijaste.<\/p>\n","protected":false},"excerpt":{"rendered":"<p>Area 419 ARCALOCK: Izdr\u017eljiva 4,25&#8243; vodilica u obliku lastinog repa, crno anodiziranog aluminija.<\/p>\n","protected":false},"featured_media":232766,"template":"","meta":{"_acf_changed":false},"product_brand":[11030],"product_cat":[13569,13517,390],"product_tag":[],"class_list":{"0":"post-289637","1":"product","2":"type-product","3":"status-publish","4":"has-post-thumbnail","6":"product_brand-area-419","7":"product_cat-puska","8":"product_cat-tracnice","9":"product_cat-aiming","11":"first","12":"instock","13":"taxable","14":"shipping-taxable","15":"purchasable","16":"product-type-simple"},"acf":[],"_links":{"self":[{"href":"https:\/\/staging.nbg.eu\/hr\/wp-json\/wp\/v2\/product\/289637","targetHints":{"allow":["GET"]}}],"collection":[{"href":"https:\/\/staging.nbg.eu\/hr\/wp-json\/wp\/v2\/product"}],"about":[{"href":"https:\/\/staging.nbg.eu\/hr\/wp-json\/wp\/v2\/types\/product"}],"wp:featuredmedia":[{"embeddable":true,"href":"https:\/\/staging.nbg.eu\/hr\/wp-json\/wp\/v2\/media\/232766"}],"wp:attachment":[{"href":"https:\/\/staging.nbg.eu\/hr\/wp-json\/wp\/v2\/media?parent=289637"}],"wp:term":[{"taxonomy":"product_brand","embeddable":true,"href":"https:\/\/staging.nbg.eu\/hr\/wp-json\/wp\/v2\/product_brand?post=289637"},{"taxonomy":"product_cat","embeddable":true,"href":"https:\/\/staging.nbg.eu\/hr\/wp-json\/wp\/v2\/product_cat?post=289637"},{"taxonomy":"product_tag","embeddable":true,"href":"https:\/\/staging.nbg.eu\/hr\/wp-json\/wp\/v2\/product_tag?post=289637"}],"curies":[{"name":"wp","href":"https:\/\/api.w.org\/{rel}","templated":true}]}}