{"id":289384,"date":"2025-03-01T15:46:12","date_gmt":"2025-03-26T21:23:04","guid":{"rendered":"https:\/\/staging.nbg.eu\/prodcut\/area-419-arcalock-14-universal-dovetail-rail\/"},"modified":"2025-03-26T21:25:28","modified_gmt":"2025-03-26T21:25:28","slug":"area-419-arcalock-14-univerzalna-tracnicka-sina","status":"publish","type":"product","link":"https:\/\/staging.nbg.eu\/hr\/proizvod\/area-419-arcalock-14-univerzalna-tracnicka-sina\/","title":{"rendered":"Area 419 &#8211; ARCALOCK 14&#8243; Univerzalna Tra\u010dni\u010dka \u0160ina"},"content":{"rendered":"<h2>Area 419 &#8211; ARCALOCK 14&#8243; Univerzalna Lastin Rep \u0160ina<\/h2>\n<p>ARCALOCK 14&#8243; Univerzalna Lastin Rep \u0160ina od Area 419 ima sljede\u0107e zna\u010dajke:<\/p>\n<ul>\n<li>Nazubljene strane za mehani\u010dko zaklju\u010davanje s Area 419 stezaljkama<\/li>\n<li>65 pozicija za zaklju\u010davanje na 14&#8243; \u0161ini<\/li>\n<li>Kompatibilnost s standardnim Arca dodacima<\/li>\n<li>Nazubljen fiksni stra\u017enji grani\u010dnik s produ\u017enim \u010depom<\/li>\n<li>Lagana konstrukcija od 158,8 grama<\/li>\n<li>Izra\u0111ena prema RRS 1.5&#8243; Lastin Rep standardu<\/li>\n<li>Zaobljeni kutovi i sko\u0161eni rubovi<\/li>\n<li>Tip 3 tvrdo anodizirana 6061-T6 aluminijska konstrukcija<\/li>\n<li>Proizvedeno u SAD-u<\/li>\n<\/ul>\n<p>ARCALOCK sustav \u0161ina dizajniran je za preciznost i performanse.<\/p>\n","protected":false},"excerpt":{"rendered":"<p>&#8220;Blokiraju\u0107a ARCA \u0161ina za precizne pu\u0161ke. 35,5 cm, 65 pozicija, 159 grama.&#8221;<\/p>\n","protected":false},"featured_media":232579,"template":"","meta":{"_acf_changed":false},"product_brand":[11030],"product_cat":[13569,13517,390],"product_tag":[],"class_list":{"0":"post-289384","1":"product","2":"type-product","3":"status-publish","4":"has-post-thumbnail","6":"product_brand-area-419","7":"product_cat-puska","8":"product_cat-tracnice","9":"product_cat-aiming","11":"first","12":"instock","13":"taxable","14":"shipping-taxable","15":"purchasable","16":"product-type-simple"},"acf":[],"_links":{"self":[{"href":"https:\/\/staging.nbg.eu\/hr\/wp-json\/wp\/v2\/product\/289384","targetHints":{"allow":["GET"]}}],"collection":[{"href":"https:\/\/staging.nbg.eu\/hr\/wp-json\/wp\/v2\/product"}],"about":[{"href":"https:\/\/staging.nbg.eu\/hr\/wp-json\/wp\/v2\/types\/product"}],"wp:featuredmedia":[{"embeddable":true,"href":"https:\/\/staging.nbg.eu\/hr\/wp-json\/wp\/v2\/media\/232579"}],"wp:attachment":[{"href":"https:\/\/staging.nbg.eu\/hr\/wp-json\/wp\/v2\/media?parent=289384"}],"wp:term":[{"taxonomy":"product_brand","embeddable":true,"href":"https:\/\/staging.nbg.eu\/hr\/wp-json\/wp\/v2\/product_brand?post=289384"},{"taxonomy":"product_cat","embeddable":true,"href":"https:\/\/staging.nbg.eu\/hr\/wp-json\/wp\/v2\/product_cat?post=289384"},{"taxonomy":"product_tag","embeddable":true,"href":"https:\/\/staging.nbg.eu\/hr\/wp-json\/wp\/v2\/product_tag?post=289384"}],"curies":[{"name":"wp","href":"https:\/\/api.w.org\/{rel}","templated":true}]}}