{"id":289298,"date":"2024-01-30T18:07:31","date_gmt":"2025-03-26T21:20:48","guid":{"rendered":"https:\/\/staging.nbg.eu\/prodcut\/area-419-arcalock-12-m-lok-dovetail-rail-2\/"},"modified":"2025-03-26T21:23:15","modified_gmt":"2025-03-26T21:23:15","slug":"area-419-arcalock-12-m-lok-tracnicka-sina","status":"publish","type":"product","link":"https:\/\/staging.nbg.eu\/hr\/proizvod\/area-419-arcalock-12-m-lok-tracnicka-sina\/","title":{"rendered":"Area 419 &#8211; ARCALOCK 12&#8243; M-LOK Tra\u010dni\u010dka \u0160ina"},"content":{"rendered":"<h2>Area 419 &#8211; ARCALOCK 12&#8243; M-LOK Dovetail \u0161ina<\/h2>\n<p>ARCALOCK 12&#8243; M-LOK Dovetail \u0161ina od Area 419 sadr\u017ei sljede\u0107e zna\u010dajke:<\/p>\n<ul>\n<li>Nazubljene strane za mehani\u010dko zaklju\u010davanje s Area 419 stezaljkama<\/li>\n<li>Kompatibilnost sa standardnim Arca dodacima<\/li>\n<li>Duljina od 12&#8243; za optimalan prostor za pri\u010dvr\u0161\u0107ivanje<\/li>\n<li>Lagana konstrukcija te\u017eine 111,5 grama<\/li>\n<li>Uskla\u0111enost s RRS 1.5&#8243; Dovetail standardom<\/li>\n<li>Zaobljeni rubovi<\/li>\n<li>Razne opcije montiranja za razli\u010dite konfiguracije pu\u0161ke<\/li>\n<li>Izra\u0111eno od 6061-T6 aluminija s tvrdom anodizacijom tipa 3<\/li>\n<li>Proizvedeno u SAD-u<\/li>\n<\/ul>\n<p>ARCALOCK Dovetail sustav \u0161ina dizajniran je za eliminaciju pomicanja pod pritiskom.<\/p>\n","protected":false},"excerpt":{"rendered":"<p>Zaklju\u010davaju\u0107a 12&#8243; ARCA \u0161ina za precizne pu\u0161ke. Nazubljene strane, kompatibilna s M-LOK sustavom.<\/p>\n","protected":false},"featured_media":232502,"template":"","meta":{"_acf_changed":false},"product_brand":[11030],"product_cat":[13569,13517],"product_tag":[],"class_list":{"0":"post-289298","1":"product","2":"type-product","3":"status-publish","4":"has-post-thumbnail","6":"product_brand-area-419","7":"product_cat-puska","8":"product_cat-tracnice","10":"first","11":"instock","12":"taxable","13":"shipping-taxable","14":"purchasable","15":"product-type-variable","16":"wvs-archive-product-wrapper"},"acf":[],"_links":{"self":[{"href":"https:\/\/staging.nbg.eu\/hr\/wp-json\/wp\/v2\/product\/289298","targetHints":{"allow":["GET"]}}],"collection":[{"href":"https:\/\/staging.nbg.eu\/hr\/wp-json\/wp\/v2\/product"}],"about":[{"href":"https:\/\/staging.nbg.eu\/hr\/wp-json\/wp\/v2\/types\/product"}],"wp:featuredmedia":[{"embeddable":true,"href":"https:\/\/staging.nbg.eu\/hr\/wp-json\/wp\/v2\/media\/232502"}],"wp:attachment":[{"href":"https:\/\/staging.nbg.eu\/hr\/wp-json\/wp\/v2\/media?parent=289298"}],"wp:term":[{"taxonomy":"product_brand","embeddable":true,"href":"https:\/\/staging.nbg.eu\/hr\/wp-json\/wp\/v2\/product_brand?post=289298"},{"taxonomy":"product_cat","embeddable":true,"href":"https:\/\/staging.nbg.eu\/hr\/wp-json\/wp\/v2\/product_cat?post=289298"},{"taxonomy":"product_tag","embeddable":true,"href":"https:\/\/staging.nbg.eu\/hr\/wp-json\/wp\/v2\/product_tag?post=289298"}],"curies":[{"name":"wp","href":"https:\/\/api.w.org\/{rel}","templated":true}]}}