{"id":288824,"date":"2025-03-05T10:45:22","date_gmt":"2025-03-05T10:45:22","guid":{"rendered":"https:\/\/staging.nbg.eu\/prodcut\/magpul-pmag-ar-m4-gen-m3-10rds\/"},"modified":"2025-03-26T19:09:36","modified_gmt":"2025-03-26T19:09:36","slug":"magpul-pmag-arm4-gen-m3","status":"publish","type":"product","link":"https:\/\/staging.nbg.eu\/hr\/proizvod\/magpul-pmag-arm4-gen-m3\/","title":{"rendered":"Magpul &#8211; PMAG\u00ae AR\/M4 GEN M3\u2122"},"content":{"rendered":"<h2>Magpul &#8211; PMAG\u00ae AR\/M4 GEN M3\u2122<\/h2>\n<p>PMAG 10 GEN M3 je polimerni spremnik od 10 metaka za oru\u017eje kompatibilno s AR15\/M4. Ovaj spremnik nudi:<\/p>\n<ul>\n<li>Pove\u0107anu \u010dvrsto\u0107u i izdr\u017eljivost s naprednom polimernom konstrukcijom<\/li>\n<li>Kompatibilnost s razli\u010ditim platformama, uklju\u010duju\u0107i HK\u00ae 416 i FN\u00ae SCAR\u2122 MK 16\/16S<\/li>\n<li>Pouzdano punjenje s \u010detverosmjernim donosa\u010dem metaka<\/li>\n<li>Jednostavno rastavljanje i pobolj\u0161anu za\u0161titu od padova s pro\u0161irenom podnom plo\u010dom<\/li>\n<li>Glatko funkcioniranje zahvaljuju\u0107i unutarnjoj geometriji konstantne krivulje<\/li>\n<li>Sigurno rukovanje s rebrastom povr\u0161inom za hvatanje i hrapavom teksturom<\/li>\n<\/ul>\n<p>Proizveden u SAD-u, PMAG 10 GEN M3 je kompaktan spremnik pogodan za pucanje iz le\u017ee\u0107eg polo\u017eaja i takti\u010dku svestranost.<\/p>\n","protected":false},"excerpt":{"rendered":"<p>Izdr\u017eljiv AR15\/M4 spremnik za 10 metaka s pobolj\u0161anim zna\u010dajkama i kompatibilno\u0161\u0107u.<\/p>\n","protected":false},"featured_media":239082,"template":"","meta":{"_acf_changed":false},"product_brand":[11536],"product_cat":[13569,13552],"product_tag":[],"class_list":{"0":"post-288824","1":"product","2":"type-product","3":"status-publish","4":"has-post-thumbnail","6":"product_brand-magpul","7":"product_cat-puska","8":"product_cat-puskovni-spremnici","10":"first","11":"instock","12":"taxable","13":"shipping-taxable","14":"product-type-variable","15":"wvs-archive-product-wrapper"},"acf":[],"_links":{"self":[{"href":"https:\/\/staging.nbg.eu\/hr\/wp-json\/wp\/v2\/product\/288824","targetHints":{"allow":["GET"]}}],"collection":[{"href":"https:\/\/staging.nbg.eu\/hr\/wp-json\/wp\/v2\/product"}],"about":[{"href":"https:\/\/staging.nbg.eu\/hr\/wp-json\/wp\/v2\/types\/product"}],"wp:featuredmedia":[{"embeddable":true,"href":"https:\/\/staging.nbg.eu\/hr\/wp-json\/wp\/v2\/media\/239082"}],"wp:attachment":[{"href":"https:\/\/staging.nbg.eu\/hr\/wp-json\/wp\/v2\/media?parent=288824"}],"wp:term":[{"taxonomy":"product_brand","embeddable":true,"href":"https:\/\/staging.nbg.eu\/hr\/wp-json\/wp\/v2\/product_brand?post=288824"},{"taxonomy":"product_cat","embeddable":true,"href":"https:\/\/staging.nbg.eu\/hr\/wp-json\/wp\/v2\/product_cat?post=288824"},{"taxonomy":"product_tag","embeddable":true,"href":"https:\/\/staging.nbg.eu\/hr\/wp-json\/wp\/v2\/product_tag?post=288824"}],"curies":[{"name":"wp","href":"https:\/\/api.w.org\/{rel}","templated":true}]}}