{"id":288664,"date":"2025-03-05T08:15:00","date_gmt":"2025-03-26T18:10:30","guid":{"rendered":"https:\/\/staging.nbg.eu\/prodcut\/magpul-prs-lite-precision-adjustable-stock\/"},"modified":"2025-03-26T18:12:56","modified_gmt":"2025-03-26T18:12:56","slug":"magpul-prs-lite-precizno-podesiva-kundacnica","status":"publish","type":"product","link":"https:\/\/staging.nbg.eu\/hr\/proizvod\/magpul-prs-lite-precizno-podesiva-kundacnica\/","title":{"rendered":"Magpul &#8211; PRS Lite Precizno Podesiva Kunda\u010dnica"},"content":{"rendered":"<div class=\"product-description\">\n<h2>Magpul PRS Lite podesivi kundak<\/h2>\n<p>Magpul PRS Lite nudi preciznu pode\u0161ljivost u laganom pakiranju, te\u017eine 530 grama. Kompatibilan s Mil-Spec USGI sklopivim\/SR25 sklopivim\/A5 cijevima za pu\u0161ke kalibra .223 i .308.<\/p>\n<h3>Glavne zna\u010dajke:<\/h3>\n<ul>\n<li>Izrada od lagane plastike i metala<\/li>\n<li>Podesiva visina obrazine (0-20 mm u koracima od 2,5 mm)<\/li>\n<li>Podesiva duljina povla\u010denja (352-387 mm u koracima od 3,5 mm)<\/li>\n<li>Podesiva visina i nagib gumenog jastu\u010di\u0107a<\/li>\n<li>Vi\u0161e opcija za pri\u010dvr\u0161\u0107ivanje remena<\/li>\n<\/ul>\n<p>Dizajniran prema vojnim standardima, PRS Lite pru\u017ea optimizirano su\u010delje za strijelca po cijeni upola manjoj od svog potpuno opremljenog parnjaka. Kundak ima gumeni jastu\u010di\u0107 niskog profila za stabilnost i razli\u010dite opcije montiranja remena za svestranost.<\/p>\n<p><strong>Proizvedeno u SAD-u<\/strong><\/p>\n<\/div>\n","protected":false},"excerpt":{"rendered":"<p>Lagana, podesiva AR kundak. Precizna kontrola obrazine i duljine povla\u010denja.<\/p>\n","protected":false},"featured_media":238447,"template":"","meta":{"_acf_changed":false},"product_brand":[11536],"product_cat":[13529,13569,13518],"product_tag":[],"class_list":{"0":"post-288664","1":"product","2":"type-product","3":"status-publish","4":"has-post-thumbnail","6":"product_brand-magpul","7":"product_cat-kundaci","8":"product_cat-puska","9":"product_cat-rifle-tuning","11":"first","12":"instock","13":"taxable","14":"shipping-taxable","15":"purchasable","16":"product-type-variable","17":"wvs-archive-product-wrapper"},"acf":[],"_links":{"self":[{"href":"https:\/\/staging.nbg.eu\/hr\/wp-json\/wp\/v2\/product\/288664","targetHints":{"allow":["GET"]}}],"collection":[{"href":"https:\/\/staging.nbg.eu\/hr\/wp-json\/wp\/v2\/product"}],"about":[{"href":"https:\/\/staging.nbg.eu\/hr\/wp-json\/wp\/v2\/types\/product"}],"wp:featuredmedia":[{"embeddable":true,"href":"https:\/\/staging.nbg.eu\/hr\/wp-json\/wp\/v2\/media\/238447"}],"wp:attachment":[{"href":"https:\/\/staging.nbg.eu\/hr\/wp-json\/wp\/v2\/media?parent=288664"}],"wp:term":[{"taxonomy":"product_brand","embeddable":true,"href":"https:\/\/staging.nbg.eu\/hr\/wp-json\/wp\/v2\/product_brand?post=288664"},{"taxonomy":"product_cat","embeddable":true,"href":"https:\/\/staging.nbg.eu\/hr\/wp-json\/wp\/v2\/product_cat?post=288664"},{"taxonomy":"product_tag","embeddable":true,"href":"https:\/\/staging.nbg.eu\/hr\/wp-json\/wp\/v2\/product_tag?post=288664"}],"curies":[{"name":"wp","href":"https:\/\/api.w.org\/{rel}","templated":true}]}}