{"id":288529,"date":"2025-03-05T08:00:39","date_gmt":"2025-03-26T17:58:49","guid":{"rendered":"https:\/\/staging.nbg.eu\/prodcut\/magpul-prs-gen3-precision-adjustable-stock\/"},"modified":"2025-03-26T18:01:16","modified_gmt":"2025-03-26T18:01:16","slug":"magpul-prs-gen3-precizno-podesiva-kundacnica","status":"publish","type":"product","link":"https:\/\/staging.nbg.eu\/hr\/proizvod\/magpul-prs-gen3-precizno-podesiva-kundacnica\/","title":{"rendered":"Magpul &#8211; PRS\u00ae GEN3 Precizno Podesiva Kunda\u010dnica"},"content":{"rendered":"<div class=\"product-description\">\n<h2>Magpul &#8211; PRS\u00ae GEN3 Podesivi kundak za precizno ga\u0111anje<\/h2>\n<p>PRS GEN3 je kundak za precizno ga\u0111anje za AR15\/M16 i AR10\/SR25 platforme, koji nudi pode\u0161avanje duljine povla\u010denja i visine obrazine bez alata. Dizajniran je za poluautomatske snajperske pu\u0161ke ili pu\u0161ke za lov na \u0161teto\u010dine, pru\u017eaju\u0107i stabilno su\u010delje i gotovo univerzalnu prilagodbu.<\/p>\n<ul>\n<li>Optimiziran za produ\u017eetke prijemnika pu\u0161ke<\/li>\n<li>Kompatibilan s mnogim Mil-Spec karabinskim i A5 cijevima<\/li>\n<li>Gumeni jastu\u010di\u0107 podesiv po nagibu i visini<\/li>\n<li>\u010ca\u0161ice za okretni QD nosa\u010d remena s ograni\u010denjem rotacije<\/li>\n<li>M-LOK\u00ae utori za monta\u017eu stra\u017enjeg monopoda<\/li>\n<li>Proizveden u SAD-u<\/li>\n<\/ul>\n<p>PRS GEN3 ima strojno obra\u0111ene aluminijske gumbe za pode\u0161avanje, \u010deli\u010dne osovine s Melonite\u00ae zavr\u0161nom obradom i vi\u0161e opcija za monta\u017eu remena, \u0161to ga \u010dini izdr\u017eljivim i svestranim na terenu.<\/p>\n<\/div>\n","protected":false},"excerpt":{"rendered":"<p>Precizni AR kundak s pode\u0161avanjem duljine poteza i visine obraza bez upotrebe alata.<\/p>\n","protected":false},"featured_media":238352,"template":"","meta":{"_acf_changed":false},"product_brand":[11536],"product_cat":[13529,13569,13518],"product_tag":[],"class_list":{"0":"post-288529","1":"product","2":"type-product","3":"status-publish","4":"has-post-thumbnail","6":"product_brand-magpul","7":"product_cat-kundaci","8":"product_cat-puska","9":"product_cat-rifle-tuning","11":"first","12":"instock","13":"taxable","14":"shipping-taxable","15":"purchasable","16":"product-type-variable","17":"wvs-archive-product-wrapper"},"acf":[],"_links":{"self":[{"href":"https:\/\/staging.nbg.eu\/hr\/wp-json\/wp\/v2\/product\/288529","targetHints":{"allow":["GET"]}}],"collection":[{"href":"https:\/\/staging.nbg.eu\/hr\/wp-json\/wp\/v2\/product"}],"about":[{"href":"https:\/\/staging.nbg.eu\/hr\/wp-json\/wp\/v2\/types\/product"}],"wp:featuredmedia":[{"embeddable":true,"href":"https:\/\/staging.nbg.eu\/hr\/wp-json\/wp\/v2\/media\/238352"}],"wp:attachment":[{"href":"https:\/\/staging.nbg.eu\/hr\/wp-json\/wp\/v2\/media?parent=288529"}],"wp:term":[{"taxonomy":"product_brand","embeddable":true,"href":"https:\/\/staging.nbg.eu\/hr\/wp-json\/wp\/v2\/product_brand?post=288529"},{"taxonomy":"product_cat","embeddable":true,"href":"https:\/\/staging.nbg.eu\/hr\/wp-json\/wp\/v2\/product_cat?post=288529"},{"taxonomy":"product_tag","embeddable":true,"href":"https:\/\/staging.nbg.eu\/hr\/wp-json\/wp\/v2\/product_tag?post=288529"}],"curies":[{"name":"wp","href":"https:\/\/api.w.org\/{rel}","templated":true}]}}