{"id":288394,"date":"2025-03-06T10:37:19","date_gmt":"2025-03-26T17:46:02","guid":{"rendered":"https:\/\/staging.nbg.eu\/prodcut\/ftcs-custom-ak-mod-9-handguard-m-lok-forward-curved\/"},"modified":"2025-03-26T17:48:38","modified_gmt":"2025-03-26T17:48:38","slug":"ftcs-prilagoeni-ak-mod-9-prednji-kundak-m-lok-zakrivljeni","status":"publish","type":"product","link":"https:\/\/staging.nbg.eu\/hr\/proizvod\/ftcs-prilagoeni-ak-mod-9-prednji-kundak-m-lok-zakrivljeni\/","title":{"rendered":"FTCS &#8211; Prilago\u0111eni AK Mod 9 Prednji Kundak &#8211; M-LOK &#8211; Zakrivljeni"},"content":{"rendered":"<h2>FTCS &#8211; Prilago\u0111eni AK Mod 9 Rukohvat &#8211; M-LOK &#8211; Zakrivljen prema naprijed<\/h2>\n<p>Prilago\u0111eni AK Mod 9 rukohvat za AKM karabin. Ovaj drveni rukohvat zakrivljen prema naprijed ima aluminijske M-LOK tra\u010dnice za monta\u017eu dodatne opreme.<\/p>\n<ul>\n<li>Rukohvat zakrivljen prema naprijed<\/li>\n<li>Lagana drvena konstrukcija<\/li>\n<li>M-LOK tra\u010dnice za dodatnu opremu<\/li>\n<li>Kompatibilan s AKM\/AKMS\/AKMN (mo\u017ee zahtijevati prilagodbu)<\/li>\n<li>Grafitno crna H-146 Cerakote zavr\u0161na obrada<\/li>\n<li>Dimenzije: 160 x 120 x 35 mm<\/li>\n<li>Te\u017eina: 180 g<\/li>\n<\/ul>\n<p>Prilago\u0111eni AK Mod 9 rukohvat kombinira tradicionalni izgled s modernom funkcionalno\u0161\u0107u. Pru\u017ea pobolj\u0161anu ergonomiju i mogu\u0107nosti prilagodbe.<\/p>\n","protected":false},"excerpt":{"rendered":"<p>Drveni rukohvat za AK s M-LOK \u0161inama i prednjim zakrivljenim hvati\u0161tem.<\/p>\n","protected":false},"featured_media":241313,"template":"","meta":{"_acf_changed":false},"product_brand":[11307],"product_cat":[13503,13569,13518,13540],"product_tag":[],"class_list":{"0":"post-288394","1":"product","2":"type-product","3":"status-publish","4":"has-post-thumbnail","6":"product_brand-ftcs","7":"product_cat-ak-tuning","8":"product_cat-puska","9":"product_cat-rifle-tuning","10":"product_cat-rucke-za-pusku","12":"first","13":"instock","14":"taxable","15":"shipping-taxable","16":"purchasable","17":"product-type-simple"},"acf":[],"_links":{"self":[{"href":"https:\/\/staging.nbg.eu\/hr\/wp-json\/wp\/v2\/product\/288394","targetHints":{"allow":["GET"]}}],"collection":[{"href":"https:\/\/staging.nbg.eu\/hr\/wp-json\/wp\/v2\/product"}],"about":[{"href":"https:\/\/staging.nbg.eu\/hr\/wp-json\/wp\/v2\/types\/product"}],"wp:featuredmedia":[{"embeddable":true,"href":"https:\/\/staging.nbg.eu\/hr\/wp-json\/wp\/v2\/media\/241313"}],"wp:attachment":[{"href":"https:\/\/staging.nbg.eu\/hr\/wp-json\/wp\/v2\/media?parent=288394"}],"wp:term":[{"taxonomy":"product_brand","embeddable":true,"href":"https:\/\/staging.nbg.eu\/hr\/wp-json\/wp\/v2\/product_brand?post=288394"},{"taxonomy":"product_cat","embeddable":true,"href":"https:\/\/staging.nbg.eu\/hr\/wp-json\/wp\/v2\/product_cat?post=288394"},{"taxonomy":"product_tag","embeddable":true,"href":"https:\/\/staging.nbg.eu\/hr\/wp-json\/wp\/v2\/product_tag?post=288394"}],"curies":[{"name":"wp","href":"https:\/\/api.w.org\/{rel}","templated":true}]}}