{"id":288146,"date":"2025-03-06T10:17:52","date_gmt":"2025-03-26T17:21:04","guid":{"rendered":"https:\/\/staging.nbg.eu\/prodcut\/ftcs-dong-handguard-m-lok-akm\/"},"modified":"2025-03-26T17:23:23","modified_gmt":"2025-03-26T17:23:23","slug":"ftcs-dong-prednji-kundak-m-lok-akm","status":"publish","type":"product","link":"https:\/\/staging.nbg.eu\/hr\/proizvod\/ftcs-dong-prednji-kundak-m-lok-akm\/","title":{"rendered":"FTCS &#8211; &#8220;Dong&#8221; Prednji Kundak &#8211; M-LOK &#8211; AKM"},"content":{"rendered":"<div class=\"product-description\">\n<h2>FTCS &#8211; &#8220;Dong&#8221; Rukohvat &#8211; M-LOK &#8211; AKM<\/h2>\n<p>FTCS &#8220;Dong&#8221; Rukohvat za AKM\/AKMS pu\u0161ke. Ovaj rukohvat u AIMS stilu ima sljede\u0107e zna\u010dajke:<\/p>\n<ul>\n<li>Lagana drvena konstrukcija<\/li>\n<li>Integrirani prednji rukohvat<\/li>\n<li>M-LOK utori za montiranje dodataka<\/li>\n<li>Kompatibilnost s preklopnim kundacima<\/li>\n<li>Grafitno crna Cerakote zavr\u0161na obrada<\/li>\n<\/ul>\n<p>Te\u017eina je 141g, a dimenzije su 160x120x35mm. Bo\u010dno montirane M-LOK \u0161ine omogu\u0107uju postavljanje svjetala, lasera i drugih dodataka.<\/p>\n<p>FTCS &#8220;Dong&#8221; Rukohvat za AKM pu\u0161ke.<\/p>\n<\/div>\n","protected":false},"excerpt":{"rendered":"<p>Klasi\u010dni drveni AKM rukohvat u AIMS stilu s M-LOK \u0161inama.<\/p>\n","protected":false},"featured_media":240987,"template":"","meta":{"_acf_changed":false},"product_brand":[11307],"product_cat":[13503,13518,13540],"product_tag":[],"class_list":{"0":"post-288146","1":"product","2":"type-product","3":"status-publish","4":"has-post-thumbnail","6":"product_brand-ftcs","7":"product_cat-ak-tuning","8":"product_cat-rifle-tuning","9":"product_cat-rucke-za-pusku","11":"first","12":"instock","13":"taxable","14":"shipping-taxable","15":"purchasable","16":"product-type-simple"},"acf":[],"_links":{"self":[{"href":"https:\/\/staging.nbg.eu\/hr\/wp-json\/wp\/v2\/product\/288146","targetHints":{"allow":["GET"]}}],"collection":[{"href":"https:\/\/staging.nbg.eu\/hr\/wp-json\/wp\/v2\/product"}],"about":[{"href":"https:\/\/staging.nbg.eu\/hr\/wp-json\/wp\/v2\/types\/product"}],"wp:featuredmedia":[{"embeddable":true,"href":"https:\/\/staging.nbg.eu\/hr\/wp-json\/wp\/v2\/media\/240987"}],"wp:attachment":[{"href":"https:\/\/staging.nbg.eu\/hr\/wp-json\/wp\/v2\/media?parent=288146"}],"wp:term":[{"taxonomy":"product_brand","embeddable":true,"href":"https:\/\/staging.nbg.eu\/hr\/wp-json\/wp\/v2\/product_brand?post=288146"},{"taxonomy":"product_cat","embeddable":true,"href":"https:\/\/staging.nbg.eu\/hr\/wp-json\/wp\/v2\/product_cat?post=288146"},{"taxonomy":"product_tag","embeddable":true,"href":"https:\/\/staging.nbg.eu\/hr\/wp-json\/wp\/v2\/product_tag?post=288146"}],"curies":[{"name":"wp","href":"https:\/\/api.w.org\/{rel}","templated":true}]}}