{"id":287634,"date":"2025-03-05T11:14:35","date_gmt":"2025-03-05T11:14:35","guid":{"rendered":"https:\/\/staging.nbg.eu\/prodcut\/clawgear-ak47-long-slick-handguard-m-lok\/"},"modified":"2025-03-26T12:35:25","modified_gmt":"2025-03-26T12:35:25","slug":"clawgear-ak47-dugi-glatki-prednji-kundak-m-lok","status":"publish","type":"product","link":"https:\/\/staging.nbg.eu\/hr\/proizvod\/clawgear-ak47-dugi-glatki-prednji-kundak-m-lok\/","title":{"rendered":"Clawgear AK47 Dugi Glatki Prednji Kundak M-LOK"},"content":{"rendered":"<div class=\"product-description\">\n<h2>Clawgear AK47 Dugi Rukohvat M-LOK<\/h2>\n<p>Rukohvat za AK47 sa sljede\u0107im zna\u010dajkama:<\/p>\n<ul>\n<li>Mat crni premaz za smanjenje refleksije<\/li>\n<li>QD to\u010dka za pri\u010dvr\u0161\u0107ivanje remena na stra\u017enjem dijelu<\/li>\n<li>M-LOK sustav montiranja za razne dodatke<\/li>\n<li>Kompatibilan s pre\u0161anim i glodanim le\u017ei\u0161tima<\/li>\n<li>Izra\u0111en od laganog 6061 aluminija s MIL-SPEC tip III tvrdo anodiziranom zavr\u0161nom obradom<\/li>\n<\/ul>\n<p>Dimenzije: 37,2 cm (D) x 4,8 cm (\u0160) x 4,8 cm (V)<\/p>\n<p>Te\u017eina: 0,25 kg<\/p>\n<p>Rukohvat za AK47 dizajniran za prilagodbu i uporabu.<\/p>\n<\/div>\n","protected":false},"excerpt":{"rendered":"<p>Elegantni M-LOK AK47 rukohvat: lagan, svestran, spreman za QD remen.<\/p>\n","protected":false},"featured_media":239361,"template":"","meta":{"_acf_changed":false},"product_brand":[11214],"product_cat":[13503,13569,13518,13517],"product_tag":[],"class_list":{"0":"post-287634","1":"product","2":"type-product","3":"status-publish","4":"has-post-thumbnail","6":"product_brand-clawgear","7":"product_cat-ak-tuning","8":"product_cat-puska","9":"product_cat-rifle-tuning","10":"product_cat-tracnice","12":"first","13":"instock","14":"taxable","15":"shipping-taxable","16":"purchasable","17":"product-type-simple"},"acf":[],"_links":{"self":[{"href":"https:\/\/staging.nbg.eu\/hr\/wp-json\/wp\/v2\/product\/287634","targetHints":{"allow":["GET"]}}],"collection":[{"href":"https:\/\/staging.nbg.eu\/hr\/wp-json\/wp\/v2\/product"}],"about":[{"href":"https:\/\/staging.nbg.eu\/hr\/wp-json\/wp\/v2\/types\/product"}],"wp:featuredmedia":[{"embeddable":true,"href":"https:\/\/staging.nbg.eu\/hr\/wp-json\/wp\/v2\/media\/239361"}],"wp:attachment":[{"href":"https:\/\/staging.nbg.eu\/hr\/wp-json\/wp\/v2\/media?parent=287634"}],"wp:term":[{"taxonomy":"product_brand","embeddable":true,"href":"https:\/\/staging.nbg.eu\/hr\/wp-json\/wp\/v2\/product_brand?post=287634"},{"taxonomy":"product_cat","embeddable":true,"href":"https:\/\/staging.nbg.eu\/hr\/wp-json\/wp\/v2\/product_cat?post=287634"},{"taxonomy":"product_tag","embeddable":true,"href":"https:\/\/staging.nbg.eu\/hr\/wp-json\/wp\/v2\/product_tag?post=287634"}],"curies":[{"name":"wp","href":"https:\/\/api.w.org\/{rel}","templated":true}]}}