{"id":287619,"date":"2025-03-05T11:33:07","date_gmt":"2025-03-05T11:33:07","guid":{"rendered":"https:\/\/staging.nbg.eu\/prodcut\/clawgear-ak47-medium-slick-handguard-m-lok\/"},"modified":"2025-03-26T12:49:09","modified_gmt":"2025-03-26T12:49:09","slug":"clawgear-ak47-srednji-glatki-prednji-kundak-m-lok","status":"publish","type":"product","link":"https:\/\/staging.nbg.eu\/hr\/proizvod\/clawgear-ak47-srednji-glatki-prednji-kundak-m-lok\/","title":{"rendered":"Clawgear AK47 Srednji Glatki Prednji Kundak M-LOK"},"content":{"rendered":"<div class=\"product-description\">\n<h2>Clawgear AK47 srednji glatki rukohvat M-LOK<\/h2>\n<p>Rukohvat za AK47 od Clawgeara. Ima mat crnu povr\u0161inu za smanjenje refleksije. M-LOK sustav omogu\u0107uje pri\u010dvr\u0161\u0107ivanje dodatne opreme, a ima i to\u010dku za pri\u010dvr\u0161\u0107ivanje remena.<\/p>\n<ul>\n<li>Kompatibilan s pre\u0161anim i glodanim le\u017ei\u0161tima<\/li>\n<li>Izra\u0111en od 6061 aluminija<\/li>\n<li>MIL-SPEC Tip III anodizirana zavr\u0161na obrada<\/li>\n<li>Te\u017eina: 0,15 kg<\/li>\n<li>Dimenzije: 26,2 cm (D) x 4,3 cm (\u0160) x 4,3 cm (V)<\/li>\n<\/ul>\n<p>Rukohvat za AK47.<\/p>\n<\/div>\n","protected":false},"excerpt":{"rendered":"<p>Lagani M-LOK rukohvat za AK47 s QD to\u010dkom za remen i mat zavr\u0161nom obradom.<\/p>\n","protected":false},"featured_media":239639,"template":"","meta":{"_acf_changed":false},"product_brand":[11214],"product_cat":[13503,13569,13518,13517],"product_tag":[],"class_list":{"0":"post-287619","1":"product","2":"type-product","3":"status-publish","4":"has-post-thumbnail","6":"product_brand-clawgear","7":"product_cat-ak-tuning","8":"product_cat-puska","9":"product_cat-rifle-tuning","10":"product_cat-tracnice","12":"first","13":"instock","14":"taxable","15":"shipping-taxable","16":"purchasable","17":"product-type-simple"},"acf":[],"_links":{"self":[{"href":"https:\/\/staging.nbg.eu\/hr\/wp-json\/wp\/v2\/product\/287619","targetHints":{"allow":["GET"]}}],"collection":[{"href":"https:\/\/staging.nbg.eu\/hr\/wp-json\/wp\/v2\/product"}],"about":[{"href":"https:\/\/staging.nbg.eu\/hr\/wp-json\/wp\/v2\/types\/product"}],"wp:featuredmedia":[{"embeddable":true,"href":"https:\/\/staging.nbg.eu\/hr\/wp-json\/wp\/v2\/media\/239639"}],"wp:attachment":[{"href":"https:\/\/staging.nbg.eu\/hr\/wp-json\/wp\/v2\/media?parent=287619"}],"wp:term":[{"taxonomy":"product_brand","embeddable":true,"href":"https:\/\/staging.nbg.eu\/hr\/wp-json\/wp\/v2\/product_brand?post=287619"},{"taxonomy":"product_cat","embeddable":true,"href":"https:\/\/staging.nbg.eu\/hr\/wp-json\/wp\/v2\/product_cat?post=287619"},{"taxonomy":"product_tag","embeddable":true,"href":"https:\/\/staging.nbg.eu\/hr\/wp-json\/wp\/v2\/product_tag?post=287619"}],"curies":[{"name":"wp","href":"https:\/\/api.w.org\/{rel}","templated":true}]}}