{"id":287587,"date":"2025-03-06T20:23:37","date_gmt":"2025-03-06T20:23:37","guid":{"rendered":"https:\/\/staging.nbg.eu\/prodcut\/clawgear-ak47-short-slick-handguard-m-lok\/"},"modified":"2025-03-26T12:32:14","modified_gmt":"2025-03-26T12:32:14","slug":"clawgear-ak47-kratko-glatko-prednje-kuciste-m-lok","status":"publish","type":"product","link":"https:\/\/staging.nbg.eu\/hr\/proizvod\/clawgear-ak47-kratko-glatko-prednje-kuciste-m-lok\/","title":{"rendered":"Clawgear &#8211; AK47 Kratko Glatko Prednje Ku\u0107i\u0161te M-LOK"},"content":{"rendered":"<h2>Clawgear &#8211; AK47 Kratki Rukohvat M-LOK<\/h2>\n<p>Nadogradite svoj AK47 s ovim rukohvatom koji ima:<\/p>\n<ul>\n<li>M-LOK sustav monta\u017ee za raznovrsno pri\u010dvr\u0161\u0107ivanje dodataka<\/li>\n<li>Matirani crni povr\u0161inski sloj za smanjenje refleksije<\/li>\n<li>QD to\u010dku za pri\u010dvr\u0161\u0107ivanje remena na stra\u017enjem dijelu<\/li>\n<li>Kompatibilnost s presovanim i glodanim le\u017ei\u0161tima<\/li>\n<li>Izra\u0111en od \u010dvrstog 6061 aluminija<\/li>\n<li>MIL-SPEC Tip III tvrdo anodizirani zavr\u0161ni sloj<\/li>\n<\/ul>\n<p>Dimenzije: 16.4cm (D) x 4.5cm (\u0160) x 4cm (V)<\/p>\n<p>Te\u017eina: 0.16kg<\/p>\n<p>Pobolj\u0161ajte funkcionalnost i izgled va\u0161eg AK47 s ovim izdr\u017eljivim, vi\u0161enamjenskim rukohvatom.<\/p>\n","protected":false},"excerpt":{"rendered":"<p>Lagano M-LOK prednje ku\u0107i\u0161te za AK47. QD to\u010dka za remen. Odgovara razli\u010ditim vrstama le\u017ei\u0161ta.<\/p>\n","protected":false},"featured_media":245154,"template":"","meta":{"_acf_changed":false},"product_brand":[],"product_cat":[13503,13569,13518],"product_tag":[],"class_list":{"0":"post-287587","1":"product","2":"type-product","3":"status-publish","4":"has-post-thumbnail","6":"product_cat-ak-tuning","7":"product_cat-puska","8":"product_cat-rifle-tuning","10":"first","11":"instock","12":"taxable","13":"shipping-taxable","14":"purchasable","15":"product-type-simple"},"acf":[],"_links":{"self":[{"href":"https:\/\/staging.nbg.eu\/hr\/wp-json\/wp\/v2\/product\/287587","targetHints":{"allow":["GET"]}}],"collection":[{"href":"https:\/\/staging.nbg.eu\/hr\/wp-json\/wp\/v2\/product"}],"about":[{"href":"https:\/\/staging.nbg.eu\/hr\/wp-json\/wp\/v2\/types\/product"}],"wp:featuredmedia":[{"embeddable":true,"href":"https:\/\/staging.nbg.eu\/hr\/wp-json\/wp\/v2\/media\/245154"}],"wp:attachment":[{"href":"https:\/\/staging.nbg.eu\/hr\/wp-json\/wp\/v2\/media?parent=287587"}],"wp:term":[{"taxonomy":"product_brand","embeddable":true,"href":"https:\/\/staging.nbg.eu\/hr\/wp-json\/wp\/v2\/product_brand?post=287587"},{"taxonomy":"product_cat","embeddable":true,"href":"https:\/\/staging.nbg.eu\/hr\/wp-json\/wp\/v2\/product_cat?post=287587"},{"taxonomy":"product_tag","embeddable":true,"href":"https:\/\/staging.nbg.eu\/hr\/wp-json\/wp\/v2\/product_tag?post=287587"}],"curies":[{"name":"wp","href":"https:\/\/api.w.org\/{rel}","templated":true}]}}