{"id":285186,"date":"2025-03-04T18:44:51","date_gmt":"2025-03-25T14:24:41","guid":{"rendered":"https:\/\/staging.nbg.eu\/product\/magpul-ctr-moe-cheek-riser-0-25\/"},"modified":"2025-03-25T14:27:10","modified_gmt":"2025-03-25T14:27:10","slug":"magpul-ctr-moe-potporanj-obraza-025","status":"publish","type":"product","link":"https:\/\/staging.nbg.eu\/hr\/proizvod\/magpul-ctr-moe-potporanj-obraza-025\/","title":{"rendered":"Magpul &#8211; CTR \/ MOE Potporanj Obraza &#8211; 0.25&#8221;"},"content":{"rendered":"<div class=\"product-description\">\n<h2>Magpul &#8211; CTR \/ MOE Obrazni Oslonac &#8211; 0,25&#8243;<\/h2>\n<p>Magpul CTR \/ MOE obrazni oslonac je dodatak koji se pri\u010dvr\u0161\u0107uje i podi\u017ee oslonac za obraz za 6,35 mm, pru\u017eaju\u0107i udobnost i preciznost za aplikacije koje nisu AR15\/M4.<\/p>\n<ul>\n<li>Kompatibilan s CTR, MOE\u00ae, DT i PR kundacima za karabine<\/li>\n<li>Pogodan za konverzije kundaka M14 karabina<\/li>\n<li>Proizveden u SAD-u<\/li>\n<li>NSN: MAG325-BLK 1005-01-591-6018<\/li>\n<\/ul>\n<p><strong>Napomena:<\/strong> Ovaj oslonac mo\u017ee ometati funkciju ru\u010dice za punjenje na AR15\/M4 platformama osim ako kundak nije potpuno izvu\u010den.<\/p>\n<p>Ovaj Magpul obrazni oslonac dostupan je za kupnju.<\/p>\n<\/div>\n","protected":false},"excerpt":{"rendered":"<p>Podiza\u010d obraza za kundake koji nisu AR15\/M4. Podi\u017ee visinu oslonca za 0,25 in\u010da. Proizvedeno u SAD-u.<\/p>\n","protected":false},"featured_media":236929,"template":"","meta":{"_acf_changed":false},"product_brand":[11536],"product_cat":[13529,13569,13518],"product_tag":[],"class_list":{"0":"post-285186","1":"product","2":"type-product","3":"status-publish","4":"has-post-thumbnail","6":"product_brand-magpul","7":"product_cat-kundaci","8":"product_cat-puska","9":"product_cat-rifle-tuning","11":"first","12":"instock","13":"taxable","14":"shipping-taxable","15":"purchasable","16":"product-type-variable","17":"wvs-archive-product-wrapper"},"acf":[],"_links":{"self":[{"href":"https:\/\/staging.nbg.eu\/hr\/wp-json\/wp\/v2\/product\/285186","targetHints":{"allow":["GET"]}}],"collection":[{"href":"https:\/\/staging.nbg.eu\/hr\/wp-json\/wp\/v2\/product"}],"about":[{"href":"https:\/\/staging.nbg.eu\/hr\/wp-json\/wp\/v2\/types\/product"}],"wp:featuredmedia":[{"embeddable":true,"href":"https:\/\/staging.nbg.eu\/hr\/wp-json\/wp\/v2\/media\/236929"}],"wp:attachment":[{"href":"https:\/\/staging.nbg.eu\/hr\/wp-json\/wp\/v2\/media?parent=285186"}],"wp:term":[{"taxonomy":"product_brand","embeddable":true,"href":"https:\/\/staging.nbg.eu\/hr\/wp-json\/wp\/v2\/product_brand?post=285186"},{"taxonomy":"product_cat","embeddable":true,"href":"https:\/\/staging.nbg.eu\/hr\/wp-json\/wp\/v2\/product_cat?post=285186"},{"taxonomy":"product_tag","embeddable":true,"href":"https:\/\/staging.nbg.eu\/hr\/wp-json\/wp\/v2\/product_tag?post=285186"}],"curies":[{"name":"wp","href":"https:\/\/api.w.org\/{rel}","templated":true}]}}