{"id":284994,"date":"2025-03-02T07:13:28","date_gmt":"2025-03-25T14:09:01","guid":{"rendered":"https:\/\/staging.nbg.eu\/product\/the-railchanger-from-area-419-armageddon-gear-and-reasor-precision\/"},"modified":"2025-03-25T14:11:32","modified_gmt":"2025-03-25T14:11:32","slug":"the-railchanger-od-area-419-armageddon-gear-i-reasor-precision","status":"publish","type":"product","link":"https:\/\/staging.nbg.eu\/hr\/proizvod\/the-railchanger-od-area-419-armageddon-gear-i-reasor-precision\/","title":{"rendered":"The RailChanger \u2013 Od Area 419, Armageddon Gear i Reasor Precision"},"content":{"rendered":"<div class=\"product-description\">\n<h2>RailChanger: GripChanger izdanje<\/h2>\n<p>Predstavljamo najnoviji dodatak na\u0161oj RailChanger liniji: GripChanger. Ova kompaktna, vi\u0161enamjenska torba pogodna je za brzo postavljanje polo\u017eaja i kori\u0161tenje u malim otvorima.<\/p>\n<h2>Zna\u010dajke:<\/h2>\n<ul>\n<li>Mala, prianjaju\u0107a i gusto punjena<\/li>\n<li>Te\u017ei pribli\u017eno 0,45 kg<\/li>\n<li>Prianja na sve povr\u0161ine<\/li>\n<li>Pru\u017ea stabilnu platformu za brzo postavljanje<\/li>\n<\/ul>\n<h2>Komplet uklju\u010duje:<\/h2>\n<ul>\n<li>1 Custom Area 419 GripChanger torbu<\/li>\n<li>1 ARCALOCK stezaljku<\/li>\n<li>1 Area 419 Rail Changer ru\u010dicu<\/li>\n<\/ul>\n<h2>Specifikacije:<\/h2>\n<ul>\n<li>Te\u017eina: 0,45 kg<\/li>\n<li>Dimenzije: 25,4 \u00d7 7,6 \u00d7 5,1 cm<\/li>\n<li>Proizvo\u0111a\u010d: Armageddon Gear<\/li>\n<\/ul>\n<p>GripChanger je rezultat suradnje izme\u0111u Area 419, Armageddon Gear i Reasor Precision.<\/p>\n<\/div>\n","protected":false},"excerpt":{"rendered":"<p>Svestrana, prianjaju\u0107a torba za brze i stabilne polo\u017eaje pucanja.<\/p>\n","protected":false},"featured_media":233693,"template":"","meta":{"_acf_changed":false},"product_brand":[11030],"product_cat":[13569],"product_tag":[],"class_list":{"0":"post-284994","1":"product","2":"type-product","3":"status-publish","4":"has-post-thumbnail","6":"product_brand-area-419","7":"product_cat-puska","9":"first","10":"instock","11":"taxable","12":"shipping-taxable","13":"purchasable","14":"product-type-variable","15":"wvs-archive-product-wrapper"},"acf":[],"_links":{"self":[{"href":"https:\/\/staging.nbg.eu\/hr\/wp-json\/wp\/v2\/product\/284994","targetHints":{"allow":["GET"]}}],"collection":[{"href":"https:\/\/staging.nbg.eu\/hr\/wp-json\/wp\/v2\/product"}],"about":[{"href":"https:\/\/staging.nbg.eu\/hr\/wp-json\/wp\/v2\/types\/product"}],"wp:featuredmedia":[{"embeddable":true,"href":"https:\/\/staging.nbg.eu\/hr\/wp-json\/wp\/v2\/media\/233693"}],"wp:attachment":[{"href":"https:\/\/staging.nbg.eu\/hr\/wp-json\/wp\/v2\/media?parent=284994"}],"wp:term":[{"taxonomy":"product_brand","embeddable":true,"href":"https:\/\/staging.nbg.eu\/hr\/wp-json\/wp\/v2\/product_brand?post=284994"},{"taxonomy":"product_cat","embeddable":true,"href":"https:\/\/staging.nbg.eu\/hr\/wp-json\/wp\/v2\/product_cat?post=284994"},{"taxonomy":"product_tag","embeddable":true,"href":"https:\/\/staging.nbg.eu\/hr\/wp-json\/wp\/v2\/product_tag?post=284994"}],"curies":[{"name":"wp","href":"https:\/\/api.w.org\/{rel}","templated":true}]}}