{"id":284156,"date":"2025-03-05T08:21:40","date_gmt":"2025-03-25T10:46:40","guid":{"rendered":"https:\/\/staging.nbg.eu\/product\/magpul-moe-sl-enhanced-rubber-butt-pad-0-70\/"},"modified":"2025-03-25T10:49:48","modified_gmt":"2025-03-25T10:49:48","slug":"magpul-moe-sl-poboljsana-gumena-jastucic-kundaka-070","status":"publish","type":"product","link":"https:\/\/staging.nbg.eu\/hr\/proizvod\/magpul-moe-sl-poboljsana-gumena-jastucic-kundaka-070\/","title":{"rendered":"Magpul &#8211; MOE SL\u00ae Pobolj\u0161ana Gumena Jastu\u010di\u0107 Kundaka, 0.70"},"content":{"rendered":"<h2>Magpul &#8211; MOE SL\u00ae Poja\u010dani gumeni oslonac za kundak, 0,70 in\u010da<\/h2>\n<p>Nadogradite svoj Magpul kundak s MOE SL\u00ae poja\u010danim gumenim osloncem za kundak, 0,70&#8243;. Ovaj direktni zamjenski oslonac nudi pobolj\u0161anu udobnost i funkcionalnost za va\u0161e vatreno oru\u017eje.<\/p>\n<h3>Glavne karakteristike:<\/h3>\n<ul>\n<li>Kompatibilan s kundacima DT Carbine, MOE SL\u00ae, MOE\u00ae SL-S\u2122, UBR\u00ae GEN2, MOE\u00ae AK, Zhukov-S\u00ae, X-22 Backpacker i PC Backpacker<\/li>\n<li>Neklizaju\u0107a rebrasta tekstura za sigurno rukovanje<\/li>\n<li>Deblji, ventilirani dizajn za pobolj\u0161anu udobnost<\/li>\n<li>Dodaje pribli\u017eno 3\/8&#8243; duljini potezanja<\/li>\n<li>Te\u017ei manje od 1 unce<\/li>\n<li>Nako\u0161eni, nazubljeni donji dio za lako postavljanje<\/li>\n<li>Zakrivljeni vrh za udobno naslanjanje na rame<\/li>\n<\/ul>\n<p>Proizveden u SAD-u, ovaj oslonac za kundak kombinira izdr\u017eljivost s pobolj\u0161anim dizajnom. Lako se montira s postoje\u0107im hardverom, pru\u017eaju\u0107i trenutnu nadogradnju va\u0161eg Magpul kundaka.<\/p>\n<p><strong>Pobolj\u0161ajte svoje iskustvo pucanja s Magpul MOE SL\u00ae poja\u010danim gumenim osloncem za kundak.<\/strong><\/p>\n","protected":false},"excerpt":{"rendered":"<p>Udoban, neklizaju\u0107i 1,78 cm gumeni zavr\u0161etak za kundake Magpul.<\/p>\n","protected":false},"featured_media":238685,"template":"","meta":{"_acf_changed":false},"product_brand":[11536],"product_cat":[13529,13569,13518],"product_tag":[],"class_list":{"0":"post-284156","1":"product","2":"type-product","3":"status-publish","4":"has-post-thumbnail","6":"product_brand-magpul","7":"product_cat-kundaci","8":"product_cat-puska","9":"product_cat-rifle-tuning","11":"first","12":"instock","13":"taxable","14":"shipping-taxable","15":"purchasable","16":"product-type-simple"},"acf":[],"_links":{"self":[{"href":"https:\/\/staging.nbg.eu\/hr\/wp-json\/wp\/v2\/product\/284156","targetHints":{"allow":["GET"]}}],"collection":[{"href":"https:\/\/staging.nbg.eu\/hr\/wp-json\/wp\/v2\/product"}],"about":[{"href":"https:\/\/staging.nbg.eu\/hr\/wp-json\/wp\/v2\/types\/product"}],"wp:featuredmedia":[{"embeddable":true,"href":"https:\/\/staging.nbg.eu\/hr\/wp-json\/wp\/v2\/media\/238685"}],"wp:attachment":[{"href":"https:\/\/staging.nbg.eu\/hr\/wp-json\/wp\/v2\/media?parent=284156"}],"wp:term":[{"taxonomy":"product_brand","embeddable":true,"href":"https:\/\/staging.nbg.eu\/hr\/wp-json\/wp\/v2\/product_brand?post=284156"},{"taxonomy":"product_cat","embeddable":true,"href":"https:\/\/staging.nbg.eu\/hr\/wp-json\/wp\/v2\/product_cat?post=284156"},{"taxonomy":"product_tag","embeddable":true,"href":"https:\/\/staging.nbg.eu\/hr\/wp-json\/wp\/v2\/product_tag?post=284156"}],"curies":[{"name":"wp","href":"https:\/\/api.w.org\/{rel}","templated":true}]}}