{"id":284035,"date":"2025-03-05T07:25:38","date_gmt":"2025-03-25T10:17:06","guid":{"rendered":"https:\/\/staging.nbg.eu\/product\/magpul-daka-window-pouch-large\/"},"modified":"2025-03-25T10:19:31","modified_gmt":"2025-03-25T10:19:31","slug":"magpul-daka-prozirna-torbica-velika","status":"publish","type":"product","link":"https:\/\/staging.nbg.eu\/hr\/proizvod\/magpul-daka-prozirna-torbica-velika\/","title":{"rendered":"Magpul &#8211; DAKA\u00ae Prozirna Torbica, Velika"},"content":{"rendered":"<div class=\"product-description\">\n<h2>Magpul &#8211; DAKA\u00ae Prozirna torbica, Velika<\/h2>\n<p>DAKA\u00ae prozirna torbica od Magpula je velika, izdr\u017eljiva torbica namijenjena za organizaciju u zahtjevnim uvjetima.<\/p>\n<ul>\n<li>Konstrukcija od tekstila oja\u010danog polimerom s RF zavarenim \u0161avovima<\/li>\n<li>YKK\u00ae vodootporan zatvara\u010d za pouzdanu za\u0161titu<\/li>\n<li>Prozirni prozor za laku identifikaciju sadr\u017eaja<\/li>\n<li>Protuklizna tekstura i oja\u010dana tkanina za pobolj\u0161anu izdr\u017eljivost<\/li>\n<li>To\u010dke za pri\u010dvr\u0161\u0107ivanje karabinera za razli\u010dite opcije no\u0161enja<\/li>\n<li>550 paracord povlaka\u010d zatvara\u010da s termoskupljaju\u0107om cjev\u010dicom za bolji hvat<\/li>\n<li>To\u010dkasta matrica za osobno ozna\u010davanje<\/li>\n<\/ul>\n<p>Dimenzije: 22,86 cm x 33,02 cm s duljinom zatvara\u010da od 25,4 cm. Za pohranu alata, streljiva ili elektroni\u010dke opreme u zahtjevnim vanjskim uvjetima.<\/p>\n<\/div>\n","protected":false},"excerpt":{"rendered":"<p>Izdr\u017eljiva, vodootporna torbica s prozor\u010di\u0107em za jednostavnu organizaciju.<\/p>\n","protected":false},"featured_media":237653,"template":"","meta":{"_acf_changed":false},"product_brand":[11536],"product_cat":[13536,13527],"product_tag":[],"class_list":{"0":"post-284035","1":"product","2":"type-product","3":"status-publish","4":"has-post-thumbnail","6":"product_brand-magpul","7":"product_cat-oprema","8":"product_cat-torbice","10":"first","11":"instock","12":"taxable","13":"shipping-taxable","14":"purchasable","15":"product-type-simple"},"acf":[],"_links":{"self":[{"href":"https:\/\/staging.nbg.eu\/hr\/wp-json\/wp\/v2\/product\/284035","targetHints":{"allow":["GET"]}}],"collection":[{"href":"https:\/\/staging.nbg.eu\/hr\/wp-json\/wp\/v2\/product"}],"about":[{"href":"https:\/\/staging.nbg.eu\/hr\/wp-json\/wp\/v2\/types\/product"}],"wp:featuredmedia":[{"embeddable":true,"href":"https:\/\/staging.nbg.eu\/hr\/wp-json\/wp\/v2\/media\/237653"}],"wp:attachment":[{"href":"https:\/\/staging.nbg.eu\/hr\/wp-json\/wp\/v2\/media?parent=284035"}],"wp:term":[{"taxonomy":"product_brand","embeddable":true,"href":"https:\/\/staging.nbg.eu\/hr\/wp-json\/wp\/v2\/product_brand?post=284035"},{"taxonomy":"product_cat","embeddable":true,"href":"https:\/\/staging.nbg.eu\/hr\/wp-json\/wp\/v2\/product_cat?post=284035"},{"taxonomy":"product_tag","embeddable":true,"href":"https:\/\/staging.nbg.eu\/hr\/wp-json\/wp\/v2\/product_tag?post=284035"}],"curies":[{"name":"wp","href":"https:\/\/api.w.org\/{rel}","templated":true}]}}