{"id":283920,"date":"2025-03-05T07:31:40","date_gmt":"2025-03-05T07:31:40","guid":{"rendered":"https:\/\/staging.nbg.eu\/product\/magpul-daka-window-pouch-medium\/"},"modified":"2025-03-25T09:54:11","modified_gmt":"2025-03-25T09:54:11","slug":"magpul-daka-prozirna-torbica-srednja","status":"publish","type":"product","link":"https:\/\/staging.nbg.eu\/hr\/proizvod\/magpul-daka-prozirna-torbica-srednja\/","title":{"rendered":"Magpul &#8211; DAKA\u00ae Prozirna Torbica, Srednja"},"content":{"rendered":"<h2>Magpul &#8211; DAKA\u00ae Prozirna torbica, srednja<\/h2>\n<p>\u010cuvajte svoje vrijednosti sigurno i suho s Magpul DAKA\u00ae vodootpornom prozirnom torbicom. Ova torbica srednje veli\u010dine ima:<\/p>\n<ul>\n<li>IPX7 ocijenjene bo\u010dne patentne zatvara\u010de za potpunu vodootpornost<\/li>\n<li>Izdr\u017eljive 550 paracord povlaka\u010de patentnog zatvara\u010da s termoskupljaju\u0107om cjev\u010dicom<\/li>\n<li>Prozirni prozor\u010di\u0107 za laku identifikaciju sadr\u017eaja<\/li>\n<li>Dva velika prolaza za karabiner za raznovrsno pri\u010dvr\u0161\u0107ivanje<\/li>\n<li>\u010cvrsta RF zavarena konstrukcija s nepropusnim brtvama<\/li>\n<li>Materijal infuziran jedinstvenim polimerom za dodatnu za\u0161titu<\/li>\n<\/ul>\n<p>Dimenzije: 17,8 cm x 30,5 cm (vanjsko), 17,1 cm x 29,8 cm (unutarnje)<\/p>\n<p>DAKA\u00ae vodootporna prozirna torbica je korisna oprema kada je mogu\u0107e uranjanje u vodu. Njen dizajn i zna\u010dajke \u010dine je prikladnom za \u010duvanje stvari u razli\u010ditim okru\u017eenjima.<\/p>\n","protected":false},"excerpt":{"rendered":"<p>Vodootporna torbica s prozor\u010di\u0107em za laku identifikaciju. Izdr\u017eljiva, pogodna za uranjanje.<\/p>\n","protected":false},"featured_media":237793,"template":"","meta":{"_acf_changed":false},"product_brand":[11536],"product_cat":[13536,13527],"product_tag":[],"class_list":{"0":"post-283920","1":"product","2":"type-product","3":"status-publish","4":"has-post-thumbnail","6":"product_brand-magpul","7":"product_cat-oprema","8":"product_cat-torbice","10":"first","11":"instock","12":"taxable","13":"shipping-taxable","14":"purchasable","15":"product-type-simple"},"acf":[],"_links":{"self":[{"href":"https:\/\/staging.nbg.eu\/hr\/wp-json\/wp\/v2\/product\/283920","targetHints":{"allow":["GET"]}}],"collection":[{"href":"https:\/\/staging.nbg.eu\/hr\/wp-json\/wp\/v2\/product"}],"about":[{"href":"https:\/\/staging.nbg.eu\/hr\/wp-json\/wp\/v2\/types\/product"}],"wp:featuredmedia":[{"embeddable":true,"href":"https:\/\/staging.nbg.eu\/hr\/wp-json\/wp\/v2\/media\/237793"}],"wp:attachment":[{"href":"https:\/\/staging.nbg.eu\/hr\/wp-json\/wp\/v2\/media?parent=283920"}],"wp:term":[{"taxonomy":"product_brand","embeddable":true,"href":"https:\/\/staging.nbg.eu\/hr\/wp-json\/wp\/v2\/product_brand?post=283920"},{"taxonomy":"product_cat","embeddable":true,"href":"https:\/\/staging.nbg.eu\/hr\/wp-json\/wp\/v2\/product_cat?post=283920"},{"taxonomy":"product_tag","embeddable":true,"href":"https:\/\/staging.nbg.eu\/hr\/wp-json\/wp\/v2\/product_tag?post=283920"}],"curies":[{"name":"wp","href":"https:\/\/api.w.org\/{rel}","templated":true}]}}