{"id":283802,"date":"2025-03-06T09:57:41","date_gmt":"2025-03-25T09:34:21","guid":{"rendered":"https:\/\/staging.nbg.eu\/product\/clawgear-ar15-gasblock-0-750\/"},"modified":"2025-03-25T09:36:48","modified_gmt":"2025-03-25T09:36:48","slug":"clawgear-ar15-plinski-blok-0750","status":"publish","type":"product","link":"https:\/\/staging.nbg.eu\/hr\/proizvod\/clawgear-ar15-plinski-blok-0750\/","title":{"rendered":"Clawgear AR15 Plinski Blok 0.750"},"content":{"rendered":"<h2>Clawgear AR15 Plinski blok 0.750<\/h2>\n<p>Clawgear AR15 Plinski blok 0.750 je dizajniran za AR15. Ima nizak profil s \u010detkanom povr\u0161inom i odgovara ve\u0107ini rukohvata slobodnog plutanja, osiguravaju\u0107i preciznost cijevi.<\/p>\n<h2>Glavne zna\u010dajke:<\/h2>\n<ul>\n<li>Izra\u0111en od jednog komada \u010delika za dugotrajnost<\/li>\n<li>Precizno izra\u0111en za smanjenje curenja plina<\/li>\n<li>Dizajniran za vanjski promjer cijevi od 0.750&#8243; na plinskom otvoru<\/li>\n<li>Izdr\u017eava vru\u0107e plinove i u te\u0161kim uvjetima<\/li>\n<\/ul>\n<h2>Specifikacije:<\/h2>\n<ul>\n<li>Dimenzije: 2.8 x 2.8 x 2.4 cm<\/li>\n<li>Te\u017eina: 0.05 kg<\/li>\n<\/ul>\n<p>Clawgear AR15 Plinski blok 0.750 slu\u017ei za pobolj\u0161anje performansi i pouzdanosti AR15.<\/p>\n","protected":false},"excerpt":{"rendered":"<p>Niskoprofilni AR15 plinski blok, odgovara cijevima promjera 0,750&#8243;. Izdr\u017eljiva \u010deli\u010dna konstrukcija.<\/p>\n","protected":false},"featured_media":240380,"template":"","meta":{"_acf_changed":false},"product_brand":[11214],"product_cat":[13568,13569,13518],"product_tag":[],"class_list":{"0":"post-283802","1":"product","2":"type-product","3":"status-publish","4":"has-post-thumbnail","6":"product_brand-clawgear","7":"product_cat-plinski-blokovi","8":"product_cat-puska","9":"product_cat-rifle-tuning","11":"first","12":"instock","13":"taxable","14":"shipping-taxable","15":"purchasable","16":"product-type-simple"},"acf":[],"_links":{"self":[{"href":"https:\/\/staging.nbg.eu\/hr\/wp-json\/wp\/v2\/product\/283802","targetHints":{"allow":["GET"]}}],"collection":[{"href":"https:\/\/staging.nbg.eu\/hr\/wp-json\/wp\/v2\/product"}],"about":[{"href":"https:\/\/staging.nbg.eu\/hr\/wp-json\/wp\/v2\/types\/product"}],"wp:featuredmedia":[{"embeddable":true,"href":"https:\/\/staging.nbg.eu\/hr\/wp-json\/wp\/v2\/media\/240380"}],"wp:attachment":[{"href":"https:\/\/staging.nbg.eu\/hr\/wp-json\/wp\/v2\/media?parent=283802"}],"wp:term":[{"taxonomy":"product_brand","embeddable":true,"href":"https:\/\/staging.nbg.eu\/hr\/wp-json\/wp\/v2\/product_brand?post=283802"},{"taxonomy":"product_cat","embeddable":true,"href":"https:\/\/staging.nbg.eu\/hr\/wp-json\/wp\/v2\/product_cat?post=283802"},{"taxonomy":"product_tag","embeddable":true,"href":"https:\/\/staging.nbg.eu\/hr\/wp-json\/wp\/v2\/product_tag?post=283802"}],"curies":[{"name":"wp","href":"https:\/\/api.w.org\/{rel}","templated":true}]}}