{"id":282049,"date":"2025-03-06T10:01:39","date_gmt":"2025-03-24T12:39:40","guid":{"rendered":"https:\/\/staging.nbg.eu\/product\/clawgear-m-lok-10-slot-rail-qd-integrated\/"},"modified":"2025-03-24T12:42:33","modified_gmt":"2025-03-24T12:42:33","slug":"clawgear-m-lok-10-slot-tracnica-qd-integrirana","status":"publish","type":"product","link":"https:\/\/staging.nbg.eu\/hr\/proizvod\/clawgear-m-lok-10-slot-tracnica-qd-integrirana\/","title":{"rendered":"Clawgear M-LOK 10 Slot Tra\u010dnica QD Integrirana"},"content":{"rendered":"<h2>Clawgear M-LOK 10 utora \u0161ina s integriranim QD<\/h2>\n<p>Picatinny \u0161ina za M-LOK su\u010delje. Ima 10 utora i integrirano QD mjesto za monta\u017eu remena. Izra\u0111ena je od aluminija s anodiziranom zavr\u0161nom obradom koja zadovoljava vojne specifikacije.<\/p>\n<ul>\n<li>Uklju\u010duje opremu za monta\u017eu s T maticama od nehr\u0111aju\u0107eg \u010delika<\/li>\n<li>Otporna na koroziju<\/li>\n<li>Maksimalni moment: 4Nm ili 35in\/lb<\/li>\n<\/ul>\n<p><strong>Savjet:<\/strong> Koristite kratku ru\u010dku imbus klju\u010da za zatezanje ako nemate moment klju\u010d.<\/p>\n<p><em>Dimenzije (pakirano):<\/em> 17 x 10,7 x 1 cm<br \/>\n<em>Te\u017eina:<\/em> 45g (53g pakirano)<\/p>\n","protected":false},"excerpt":{"rendered":"<p>M-LOK Picatinny \u0161ina s 10 utora i QD nosa\u010dem. Izdr\u017eljivi aluminij.<\/p>\n","protected":false},"featured_media":240496,"template":"","meta":{"_acf_changed":false},"product_brand":[11214],"product_cat":[13569,13532,13518,13517],"product_tag":[],"class_list":{"0":"post-282049","1":"product","2":"type-product","3":"status-publish","4":"has-post-thumbnail","6":"product_brand-clawgear","7":"product_cat-puska","8":"product_cat-remeni","9":"product_cat-rifle-tuning","10":"product_cat-tracnice","12":"first","13":"instock","14":"taxable","15":"shipping-taxable","16":"purchasable","17":"product-type-simple"},"acf":[],"_links":{"self":[{"href":"https:\/\/staging.nbg.eu\/hr\/wp-json\/wp\/v2\/product\/282049","targetHints":{"allow":["GET"]}}],"collection":[{"href":"https:\/\/staging.nbg.eu\/hr\/wp-json\/wp\/v2\/product"}],"about":[{"href":"https:\/\/staging.nbg.eu\/hr\/wp-json\/wp\/v2\/types\/product"}],"wp:featuredmedia":[{"embeddable":true,"href":"https:\/\/staging.nbg.eu\/hr\/wp-json\/wp\/v2\/media\/240496"}],"wp:attachment":[{"href":"https:\/\/staging.nbg.eu\/hr\/wp-json\/wp\/v2\/media?parent=282049"}],"wp:term":[{"taxonomy":"product_brand","embeddable":true,"href":"https:\/\/staging.nbg.eu\/hr\/wp-json\/wp\/v2\/product_brand?post=282049"},{"taxonomy":"product_cat","embeddable":true,"href":"https:\/\/staging.nbg.eu\/hr\/wp-json\/wp\/v2\/product_cat?post=282049"},{"taxonomy":"product_tag","embeddable":true,"href":"https:\/\/staging.nbg.eu\/hr\/wp-json\/wp\/v2\/product_tag?post=282049"}],"curies":[{"name":"wp","href":"https:\/\/api.w.org\/{rel}","templated":true}]}}