{"id":279189,"date":"2025-03-03T19:53:03","date_gmt":"2025-03-21T12:31:59","guid":{"rendered":"https:\/\/staging.nbg.eu\/product\/daa-x-ray-aluminum-pouch\/"},"modified":"2025-03-21T12:34:27","modified_gmt":"2025-03-21T12:34:27","slug":"daa-x-ray-aluminijska-torbica","status":"publish","type":"product","link":"https:\/\/staging.nbg.eu\/hr\/proizvod\/daa-x-ray-aluminijska-torbica\/","title":{"rendered":"DAA X-Ray Aluminijska Torbica"},"content":{"rendered":"<h2>DAA X-Ray aluminijska futrola<\/h2>\n<p>DAA X-Ray aluminijska futrola za spremnike temelji se na Xi i XIP modelima i nudi sljede\u0107e zna\u010dajke:<\/p>\n<ul>\n<li>Optimiziran gornji rub za lak\u0161e umetanje spremnika<\/li>\n<li>Dodatni vijak za sprje\u010davanje slu\u010dajnog otklju\u010davanja<\/li>\n<li>Pove\u0107an kugli\u010dni zglob od 13mm za bolju stabilnost<\/li>\n<li>Prozirni dizajn s izrezima za smanjenje te\u017eine<\/li>\n<li>Osam to\u010daka za monta\u017eu za kori\u0161tenje s obje ruke<\/li>\n<li>Aluminijski kugli\u010dni zglob za podesive kuteve<\/li>\n<li>Tri seta odstojnika za kompatibilnost s razli\u010ditim spremnicima<\/li>\n<li>Podesive visine za \u010deli\u010dni zaustavni klin<\/li>\n<li>Pode\u0161avanje napetosti bez alata<\/li>\n<\/ul>\n<p>Dostupno u plavoj, crvenoj, crnoj i srebrnoj anodiziranoj zavr\u0161noj obradi, X-Ray aluminijska futrola namijenjena je natjecateljskim strijelcima.<\/p>\n","protected":false},"excerpt":{"rendered":"<p>DAA rendgenska aluminijska torbica: Inovativni, lagani, prozirni dizajn za natjecateljske strijelce.<\/p>\n","protected":false},"featured_media":236013,"template":"","meta":{"_acf_changed":false},"product_brand":[11260],"product_cat":[13512,13536,13527],"product_tag":[],"class_list":{"0":"post-279189","1":"product","2":"type-product","3":"status-publish","4":"has-post-thumbnail","6":"product_brand-doublealpha","7":"product_cat-drzaci-spremnika","8":"product_cat-oprema","9":"product_cat-torbice","11":"first","12":"outofstock","13":"taxable","14":"shipping-taxable","15":"purchasable","16":"product-type-variable","17":"wvs-archive-product-wrapper"},"acf":[],"_links":{"self":[{"href":"https:\/\/staging.nbg.eu\/hr\/wp-json\/wp\/v2\/product\/279189","targetHints":{"allow":["GET"]}}],"collection":[{"href":"https:\/\/staging.nbg.eu\/hr\/wp-json\/wp\/v2\/product"}],"about":[{"href":"https:\/\/staging.nbg.eu\/hr\/wp-json\/wp\/v2\/types\/product"}],"wp:featuredmedia":[{"embeddable":true,"href":"https:\/\/staging.nbg.eu\/hr\/wp-json\/wp\/v2\/media\/236013"}],"wp:attachment":[{"href":"https:\/\/staging.nbg.eu\/hr\/wp-json\/wp\/v2\/media?parent=279189"}],"wp:term":[{"taxonomy":"product_brand","embeddable":true,"href":"https:\/\/staging.nbg.eu\/hr\/wp-json\/wp\/v2\/product_brand?post=279189"},{"taxonomy":"product_cat","embeddable":true,"href":"https:\/\/staging.nbg.eu\/hr\/wp-json\/wp\/v2\/product_cat?post=279189"},{"taxonomy":"product_tag","embeddable":true,"href":"https:\/\/staging.nbg.eu\/hr\/wp-json\/wp\/v2\/product_tag?post=279189"}],"curies":[{"name":"wp","href":"https:\/\/api.w.org\/{rel}","templated":true}]}}