{"id":278280,"date":"2025-03-07T17:59:41","date_gmt":"2025-03-21T10:03:25","guid":{"rendered":"https:\/\/staging.nbg.eu\/product\/sellier-bellot-40sw-fmj-11-7g-180gr\/"},"modified":"2025-03-21T10:05:50","modified_gmt":"2025-03-21T10:05:50","slug":"sellier-bellot-40sw-fmj-117g-180gr","status":"publish","type":"product","link":"https:\/\/staging.nbg.eu\/hr\/proizvod\/sellier-bellot-40sw-fmj-117g-180gr\/","title":{"rendered":"Sellier &#038; Bellot &#8211; 40S&#038;W FMJ &#8211; 11.7g \/ 180gr"},"content":{"rendered":"<p>Sellier &amp; Bellot 40S&amp;W streljivo s punom metalnom ko\u0161uljicom namijenjeno je za vje\u017ebanje ga\u0111anja. Svaki metak sadr\u017ei zrno od 180 grana, pru\u017eaju\u0107i dosljednu izvedbu i pouzdano punjenje u va\u0161em .40 S&amp;W pi\u0161tolju.<\/p>\n<ul>\n<li>Kalibar: .40 S&amp;W<\/li>\n<li>Te\u017eina zrna: 180 grana (11,7g)<\/li>\n<li>Tip zrna: Puna metalna ko\u0161uljica (FMJ)<\/li>\n<li>Brzina na ustima cijevi: 968 FPS<\/li>\n<li>Energija na ustima cijevi: 400 ft-lbs<\/li>\n<li>\u010cahura: Mesing<\/li>\n<\/ul>\n<p>Ovo streljivo dolazi u kutijama od 50 metaka, s 20 kutija po sanduku. Mesingana \u010dahura osigurava glatko punjenje i omogu\u0107uje ponovno punjenje. S brzinom od 940 fps, ovi meci pru\u017eaju pouzdanu izvedbu za vje\u017ebanje ga\u0111anja. Sellier &amp; Bellot proizvodi streljivo za va\u0161e .40 S&amp;W vatreno oru\u017eje.<\/p>\n","protected":false},"excerpt":{"rendered":"<p>40 S&amp;W 180gr FMJ streljivo za rekreativno ga\u0111anje. Mjedena \u010dahura, 968 FPS, 50 metaka po kutiji.<\/p>\n","protected":false},"featured_media":248739,"template":"","meta":{"_acf_changed":false},"product_brand":[],"product_cat":[13544,13514],"product_tag":[],"class_list":{"0":"post-278280","1":"product","2":"type-product","3":"status-publish","4":"has-post-thumbnail","6":"product_cat-municija","7":"product_cat-pistoljska-municija","9":"first","10":"instock","11":"taxable","12":"shipping-taxable","13":"purchasable","14":"product-type-simple"},"acf":[],"_links":{"self":[{"href":"https:\/\/staging.nbg.eu\/hr\/wp-json\/wp\/v2\/product\/278280","targetHints":{"allow":["GET"]}}],"collection":[{"href":"https:\/\/staging.nbg.eu\/hr\/wp-json\/wp\/v2\/product"}],"about":[{"href":"https:\/\/staging.nbg.eu\/hr\/wp-json\/wp\/v2\/types\/product"}],"wp:featuredmedia":[{"embeddable":true,"href":"https:\/\/staging.nbg.eu\/hr\/wp-json\/wp\/v2\/media\/248739"}],"wp:attachment":[{"href":"https:\/\/staging.nbg.eu\/hr\/wp-json\/wp\/v2\/media?parent=278280"}],"wp:term":[{"taxonomy":"product_brand","embeddable":true,"href":"https:\/\/staging.nbg.eu\/hr\/wp-json\/wp\/v2\/product_brand?post=278280"},{"taxonomy":"product_cat","embeddable":true,"href":"https:\/\/staging.nbg.eu\/hr\/wp-json\/wp\/v2\/product_cat?post=278280"},{"taxonomy":"product_tag","embeddable":true,"href":"https:\/\/staging.nbg.eu\/hr\/wp-json\/wp\/v2\/product_tag?post=278280"}],"curies":[{"name":"wp","href":"https:\/\/api.w.org\/{rel}","templated":true}]}}