{"id":278014,"date":"2025-03-07T09:56:26","date_gmt":"2025-03-21T07:55:40","guid":{"rendered":"https:\/\/staging.nbg.eu\/product\/hornady-6mm-arc-103-gr-eld%e2%80%91x-precision-hunter\/"},"modified":"2025-03-21T07:58:36","modified_gmt":"2025-03-21T07:58:36","slug":"hornady-6mm-arc-103-gr-eldx-precision-hunter","status":"publish","type":"product","link":"https:\/\/staging.nbg.eu\/hr\/proizvod\/hornady-6mm-arc-103-gr-eldx-precision-hunter\/","title":{"rendered":"Hornady &#8211; 6mm ARC 103 gr ELD\u2011X\u00ae Precision Hunter\u00ae"},"content":{"rendered":"<div class=\"product-description\">\n<h2>Hornady 6mm ARC 103 gr ELD\u2011X\u00ae Precision Hunter\u00ae<\/h2>\n<p>6mm ARC je namijenjen iskusnim strijelcima. Ovaj metak pru\u017ea:<\/p>\n<ul>\n<li>Preciznost i u\u010dinkovitost na velikim udaljenostima<\/li>\n<li>Prikladan za lov, natjecateljsko strelja\u0161tvo i osobnu za\u0161titu<\/li>\n<li>Optimiziran za AR-15 platforme i kratke akcijske pu\u0161ke<\/li>\n<li>Visok balisti\u010dki koeficijent za pobolj\u0161anu terminalnu u\u010dinkovitost<\/li>\n<li>Uravnote\u017een dizajn metka, komore i potisnog punjenja<\/li>\n<li>Dug vijek trajanja cijevi<\/li>\n<\/ul>\n<p>6mm ARC je svestran i u\u010dinkovit za primjene od osobne obrane do lova na velike udaljenosti. Kompatibilan s raznim proizvo\u0111a\u010dima oru\u017eja, uklju\u010duju\u0107i Barrett, Mossberg i Wilson Combat.<\/p>\n<\/div>\n","protected":false},"excerpt":{"rendered":"<p>Svestrani 6mm ARC za AR-15: U\u010dinkovita zrna visokog balisti\u010dkog koeficijenta za precizni lov.<\/p>\n","protected":false},"featured_media":246019,"template":"","meta":{"_acf_changed":false},"product_brand":[11445],"product_cat":[13544,13581],"product_tag":[],"class_list":{"0":"post-278014","1":"product","2":"type-product","3":"status-publish","4":"has-post-thumbnail","6":"product_brand-hornady","7":"product_cat-municija","8":"product_cat-puskovni-metak","10":"first","11":"instock","12":"taxable","13":"shipping-taxable","14":"purchasable","15":"product-type-simple"},"acf":[],"_links":{"self":[{"href":"https:\/\/staging.nbg.eu\/hr\/wp-json\/wp\/v2\/product\/278014","targetHints":{"allow":["GET"]}}],"collection":[{"href":"https:\/\/staging.nbg.eu\/hr\/wp-json\/wp\/v2\/product"}],"about":[{"href":"https:\/\/staging.nbg.eu\/hr\/wp-json\/wp\/v2\/types\/product"}],"wp:featuredmedia":[{"embeddable":true,"href":"https:\/\/staging.nbg.eu\/hr\/wp-json\/wp\/v2\/media\/246019"}],"wp:attachment":[{"href":"https:\/\/staging.nbg.eu\/hr\/wp-json\/wp\/v2\/media?parent=278014"}],"wp:term":[{"taxonomy":"product_brand","embeddable":true,"href":"https:\/\/staging.nbg.eu\/hr\/wp-json\/wp\/v2\/product_brand?post=278014"},{"taxonomy":"product_cat","embeddable":true,"href":"https:\/\/staging.nbg.eu\/hr\/wp-json\/wp\/v2\/product_cat?post=278014"},{"taxonomy":"product_tag","embeddable":true,"href":"https:\/\/staging.nbg.eu\/hr\/wp-json\/wp\/v2\/product_tag?post=278014"}],"curies":[{"name":"wp","href":"https:\/\/api.w.org\/{rel}","templated":true}]}}