{"id":277639,"date":"2025-03-07T07:46:42","date_gmt":"2025-03-07T07:46:42","guid":{"rendered":"https:\/\/staging.nbg.eu\/product\/gun-oil-go-juice-4-oz\/"},"modified":"2025-03-21T07:15:11","modified_gmt":"2025-03-21T07:15:11","slug":"gun-oil-go-juice-4oz","status":"publish","type":"product","link":"https:\/\/staging.nbg.eu\/hr\/proizvod\/gun-oil-go-juice-4oz\/","title":{"rendered":"Gun Oil Go Juice 4.oz"},"content":{"rendered":"<div class=\"product-description\">\n<h2>ALG Go-Juice\u00ae (GJ\u00ae) bo\u010dica od 118 ml<\/h2>\n<p>ALG Go-Juice\u00ae je biosinteti\u010dko mazivo za vatreno oru\u017eje namijenjeno sustavima podmazivanja s potpunim gubitkom. Karakteristike uklju\u010duju:<\/p>\n<ul>\n<li>5 puta u\u010dinkovitije od vojnog CLP-a<\/li>\n<li>Otpornost na koroziju<\/li>\n<li>Dugotrajna stabilnost<\/li>\n<li>Netoksi\u010dna formula<\/li>\n<li>Pogodno za automatsko oru\u017eje i oru\u017eje za prikriveno no\u0161enje<\/li>\n<\/ul>\n<p>Proizvedeno od GMO sjemenki ulja. Go-Juice\u00ae pokazuje dobre rezultate u testovima ubrzanog starenja i testovima sa slanom maglom. Ovo mazivo koje nije na bazi nafte odr\u017eava va\u0161e oru\u017eje u funkciji u nepovoljnim uvjetima.<\/p>\n<\/div>\n","protected":false},"excerpt":{"rendered":"<p>&#8220;Iznimno glatko, netoksi\u010dno bio-sinteti\u010dko mazivo za vatreno oru\u017eje za vrhunske performanse.&#8221;<\/p>\n","protected":false},"featured_media":245926,"template":"","meta":{"_acf_changed":false},"product_brand":[11375],"product_cat":[13550,13538],"product_tag":[],"class_list":{"0":"post-277639","1":"product","2":"type-product","3":"status-publish","4":"has-post-thumbnail","6":"product_brand-geissele","7":"product_cat-ciscenje-oruzja","8":"product_cat-lubrikanti","10":"first","11":"instock","12":"taxable","13":"shipping-taxable","14":"purchasable","15":"product-type-simple"},"acf":[],"_links":{"self":[{"href":"https:\/\/staging.nbg.eu\/hr\/wp-json\/wp\/v2\/product\/277639","targetHints":{"allow":["GET"]}}],"collection":[{"href":"https:\/\/staging.nbg.eu\/hr\/wp-json\/wp\/v2\/product"}],"about":[{"href":"https:\/\/staging.nbg.eu\/hr\/wp-json\/wp\/v2\/types\/product"}],"wp:featuredmedia":[{"embeddable":true,"href":"https:\/\/staging.nbg.eu\/hr\/wp-json\/wp\/v2\/media\/245926"}],"wp:attachment":[{"href":"https:\/\/staging.nbg.eu\/hr\/wp-json\/wp\/v2\/media?parent=277639"}],"wp:term":[{"taxonomy":"product_brand","embeddable":true,"href":"https:\/\/staging.nbg.eu\/hr\/wp-json\/wp\/v2\/product_brand?post=277639"},{"taxonomy":"product_cat","embeddable":true,"href":"https:\/\/staging.nbg.eu\/hr\/wp-json\/wp\/v2\/product_cat?post=277639"},{"taxonomy":"product_tag","embeddable":true,"href":"https:\/\/staging.nbg.eu\/hr\/wp-json\/wp\/v2\/product_tag?post=277639"}],"curies":[{"name":"wp","href":"https:\/\/api.w.org\/{rel}","templated":true}]}}