{"id":276508,"date":"2025-03-03T19:46:03","date_gmt":"2025-03-03T19:46:03","guid":{"rendered":"https:\/\/staging.nbg.eu\/product\/daa-alpha-xip\/"},"modified":"2025-03-20T14:12:21","modified_gmt":"2025-03-20T14:12:21","slug":"daa-alpha-xip","status":"publish","type":"product","link":"https:\/\/staging.nbg.eu\/hr\/proizvod\/daa-alpha-xip\/","title":{"rendered":"DAA Alpha-XiP"},"content":{"rendered":"<h2>DAA Alpha-XiP komplet magneta<\/h2>\n<p>Nadogradite svoj DAA Racer futrolu ili Alpha XiP s ovim kompletom magneta. Pri\u010dvrstite magnet na va\u0161u futrolu za brzo i sigurno montiranje.<\/p>\n<h3>Sadr\u017eaj kompleta:<\/h3>\n<ul>\n<li>DAA veliki magnet<\/li>\n<li>Vijak od nehr\u0111aju\u0107eg \u010delika M5 10mm<\/li>\n<li>Mjedeni termalni umetak M5 matice (6mm duljine)<\/li>\n<\/ul>\n<h3>Potrebni alati:<\/h3>\n<ul>\n<li>Bu\u0161ilica sa svrdlom 6.3-6.5mm<\/li>\n<li>Lemilica<\/li>\n<li>Turpija i brusni papir<\/li>\n<\/ul>\n<p>Slijedite na\u0161e upute za sastavljanje korak po korak za prilagodbu va\u0161e futrole. Izbu\u0161ite preciznu rupu, umetnite termalnu maticu i pri\u010dvrstite magnet. S ovim kompletom, pobolj\u0161at \u0107ete funkcionalnost i svestranost va\u0161e futrole.<\/p>\n<p><strong>Napomena:<\/strong> Sastavljanje zahtijeva pa\u017eljivo rukovanje i strpljenje. Uvijek dajte prioritet sigurnosti tijekom instalacije.<\/p>\n","protected":false},"excerpt":{"rendered":"<p>DAA Alpha-XiP: Prilagodljivi komplet za magnetno pri\u010dvr\u0161\u0107ivanje torbice<\/p>\n","protected":false},"featured_media":235848,"template":"","meta":{"_acf_changed":false},"product_brand":[11260],"product_cat":[13536,13527],"product_tag":[],"class_list":{"0":"post-276508","1":"product","2":"type-product","3":"status-publish","4":"has-post-thumbnail","6":"product_brand-doublealpha","7":"product_cat-oprema","8":"product_cat-torbice","10":"first","11":"instock","12":"taxable","13":"shipping-taxable","14":"purchasable","15":"product-type-simple"},"acf":[],"_links":{"self":[{"href":"https:\/\/staging.nbg.eu\/hr\/wp-json\/wp\/v2\/product\/276508","targetHints":{"allow":["GET"]}}],"collection":[{"href":"https:\/\/staging.nbg.eu\/hr\/wp-json\/wp\/v2\/product"}],"about":[{"href":"https:\/\/staging.nbg.eu\/hr\/wp-json\/wp\/v2\/types\/product"}],"wp:featuredmedia":[{"embeddable":true,"href":"https:\/\/staging.nbg.eu\/hr\/wp-json\/wp\/v2\/media\/235848"}],"wp:attachment":[{"href":"https:\/\/staging.nbg.eu\/hr\/wp-json\/wp\/v2\/media?parent=276508"}],"wp:term":[{"taxonomy":"product_brand","embeddable":true,"href":"https:\/\/staging.nbg.eu\/hr\/wp-json\/wp\/v2\/product_brand?post=276508"},{"taxonomy":"product_cat","embeddable":true,"href":"https:\/\/staging.nbg.eu\/hr\/wp-json\/wp\/v2\/product_cat?post=276508"},{"taxonomy":"product_tag","embeddable":true,"href":"https:\/\/staging.nbg.eu\/hr\/wp-json\/wp\/v2\/product_tag?post=276508"}],"curies":[{"name":"wp","href":"https:\/\/api.w.org\/{rel}","templated":true}]}}