{"id":276061,"date":"2025-03-02T17:08:39","date_gmt":"2025-03-02T17:08:39","guid":{"rendered":"https:\/\/staging.nbg.eu\/product\/bore-tech-decimator-suppressor-cleaner\/"},"modified":"2025-03-20T13:30:51","modified_gmt":"2025-03-20T13:30:51","slug":"bore-tech-decimator-sredstvo-za-ciscenje-prigusivaca","status":"publish","type":"product","link":"https:\/\/staging.nbg.eu\/hr\/proizvod\/bore-tech-decimator-sredstvo-za-ciscenje-prigusivaca\/","title":{"rendered":"Bore Tech Decimator Sredstvo za \u010ci\u0161\u0107enje Prigu\u0161iva\u010da"},"content":{"rendered":"<div class=\"product-description\">\n<h2>Bore Tech Decimator sredstvo za \u010di\u0161\u0107enje prigu\u0161iva\u010da<\/h2>\n<p>Bore Tech Decimator je sredstvo za \u010di\u0161\u0107enje prigu\u0161iva\u010da. Ova dvokomponentna formula namijenjena je za sigurno i u\u010dinkovito uklanjanje nakupina u prigu\u0161iva\u010dima za rimfire i centerfire oru\u017eje.<\/p>\n<ul>\n<li>Sigurno za prigu\u0161iva\u010de<\/li>\n<li>Nije opasno i ne sadr\u017ei amonijak<\/li>\n<li>Bez mirisa i biorazgradivo<\/li>\n<li>Sigurno za aluminij, nehr\u0111aju\u0107i \u010delik, titan i razne legure<\/li>\n<\/ul>\n<p>Dio A uklanja naslage ugljika\/olova, dok se dio B fokusira na naslage bakra. Kada se koristi s Decimator sustavom za \u010di\u0161\u0107enje prigu\u0161iva\u010da, u\u010dinkovito je za odr\u017eavanje prigu\u0161iva\u010da, ko\u010dnica na ustima cijevi, QD nosa\u010da i skriva\u010da bljeska.<\/p>\n<p>Bore Tech Decimator sredstvo za \u010di\u0161\u0107enje prigu\u0161iva\u010da odr\u017eava prigu\u0161iva\u010de i osigurava njihov optimalan rad.<\/p>\n<\/div>\n","protected":false},"excerpt":{"rendered":"<p>U\u010dinkovito, sigurno sredstvo za \u010di\u0161\u0107enje prigu\u0161iva\u010da za uklanjanje ekstremnih naslaga.<\/p>\n","protected":false},"featured_media":235240,"template":"","meta":{"_acf_changed":false},"product_brand":[],"product_cat":[13550,13585],"product_tag":[],"class_list":{"0":"post-276061","1":"product","2":"type-product","3":"status-publish","4":"has-post-thumbnail","6":"product_cat-ciscenje-oruzja","7":"product_cat-nekategorizirano","9":"first","10":"instock","11":"taxable","12":"shipping-taxable","13":"purchasable","14":"product-type-simple"},"acf":[],"_links":{"self":[{"href":"https:\/\/staging.nbg.eu\/hr\/wp-json\/wp\/v2\/product\/276061","targetHints":{"allow":["GET"]}}],"collection":[{"href":"https:\/\/staging.nbg.eu\/hr\/wp-json\/wp\/v2\/product"}],"about":[{"href":"https:\/\/staging.nbg.eu\/hr\/wp-json\/wp\/v2\/types\/product"}],"wp:featuredmedia":[{"embeddable":true,"href":"https:\/\/staging.nbg.eu\/hr\/wp-json\/wp\/v2\/media\/235240"}],"wp:attachment":[{"href":"https:\/\/staging.nbg.eu\/hr\/wp-json\/wp\/v2\/media?parent=276061"}],"wp:term":[{"taxonomy":"product_brand","embeddable":true,"href":"https:\/\/staging.nbg.eu\/hr\/wp-json\/wp\/v2\/product_brand?post=276061"},{"taxonomy":"product_cat","embeddable":true,"href":"https:\/\/staging.nbg.eu\/hr\/wp-json\/wp\/v2\/product_cat?post=276061"},{"taxonomy":"product_tag","embeddable":true,"href":"https:\/\/staging.nbg.eu\/hr\/wp-json\/wp\/v2\/product_tag?post=276061"}],"curies":[{"name":"wp","href":"https:\/\/api.w.org\/{rel}","templated":true}]}}