{"id":275511,"date":"2025-03-07T11:08:39","date_gmt":"2025-03-20T12:25:11","guid":{"rendered":"https:\/\/staging.nbg.eu\/product\/ipsc-targets-mini-100pcs\/"},"modified":"2025-03-20T12:27:34","modified_gmt":"2025-03-20T12:27:34","slug":"ipsc-mete-mini-100-komada","status":"publish","type":"product","link":"https:\/\/staging.nbg.eu\/hr\/proizvod\/ipsc-mete-mini-100-komada\/","title":{"rendered":"IPSC Mete mini 100 komada"},"content":{"rendered":"<div class=\"product-description\">\n<h2>Kartonske IPSC mini mete &#8211; pakiranje od 100 komada<\/h2>\n<p>IPSC legalne mete za natjecanja i trening. Svako pakiranje sadr\u017ei 100 mini meta koje zadovoljavaju standarde IPSC natjecanja.<\/p>\n<ul>\n<li>Izra\u0111ene od kartona<\/li>\n<li>Perforirane A, C i D zone za bodovanje<\/li>\n<li>Dvobojni dizajn: Prednja strana be\u017e, stra\u017enja bijela<\/li>\n<li>Bijela strana slu\u017ei kao kaznena meta<\/li>\n<li>Vidljive linije za bodovanje s obje strane<\/li>\n<\/ul>\n<p>Mete za vje\u017ebanje preciznosti i brzine ga\u0111anja. Pogodne za vje\u017ebanje na streljani, natjecanja ili takti\u010dke treninge.<\/p>\n<\/div>\n","protected":false},"excerpt":{"rendered":"<p>IPSC Mini mete: 100 perforiranih kartonskih meta za trening i natjecanja.<\/p>\n","protected":false},"featured_media":246693,"template":"","meta":{"_acf_changed":false},"product_brand":[],"product_cat":[13567,13542],"product_tag":[],"class_list":{"0":"post-275511","1":"product","2":"type-product","3":"status-publish","4":"has-post-thumbnail","6":"product_cat-mete","7":"product_cat-papirnate-mete","9":"first","10":"instock","11":"taxable","12":"shipping-taxable","13":"purchasable","14":"product-type-simple"},"acf":[],"_links":{"self":[{"href":"https:\/\/staging.nbg.eu\/hr\/wp-json\/wp\/v2\/product\/275511","targetHints":{"allow":["GET"]}}],"collection":[{"href":"https:\/\/staging.nbg.eu\/hr\/wp-json\/wp\/v2\/product"}],"about":[{"href":"https:\/\/staging.nbg.eu\/hr\/wp-json\/wp\/v2\/types\/product"}],"wp:featuredmedia":[{"embeddable":true,"href":"https:\/\/staging.nbg.eu\/hr\/wp-json\/wp\/v2\/media\/246693"}],"wp:attachment":[{"href":"https:\/\/staging.nbg.eu\/hr\/wp-json\/wp\/v2\/media?parent=275511"}],"wp:term":[{"taxonomy":"product_brand","embeddable":true,"href":"https:\/\/staging.nbg.eu\/hr\/wp-json\/wp\/v2\/product_brand?post=275511"},{"taxonomy":"product_cat","embeddable":true,"href":"https:\/\/staging.nbg.eu\/hr\/wp-json\/wp\/v2\/product_cat?post=275511"},{"taxonomy":"product_tag","embeddable":true,"href":"https:\/\/staging.nbg.eu\/hr\/wp-json\/wp\/v2\/product_tag?post=275511"}],"curies":[{"name":"wp","href":"https:\/\/api.w.org\/{rel}","templated":true}]}}